{"id":172,"date":"2024-01-18T16:28:42","date_gmt":"2024-01-18T15:28:42","guid":{"rendered":"https:\/\/www.medienguide-fembohaus.nuernberg.de\/?page_id=172"},"modified":"2024-03-19T17:12:03","modified_gmt":"2024-03-19T16:12:03","slug":"start-4","status":"publish","type":"page","link":"https:\/\/www.medienguide-fembohaus.nuernberg.de\/de\/start-4\/","title":{"rendered":"Start-4"},"content":{"rendered":"\t\t<div data-elementor-type=\"wp-page\" data-elementor-id=\"172\" class=\"elementor elementor-172\" data-elementor-post-type=\"page\">\n\t\t\t\t<div class=\"elementor-element elementor-element-913afde e-con-full e-flex e-con e-parent\" data-id=\"913afde\" data-element_type=\"container\" data-settings=\"{&quot;background_background&quot;:&quot;classic&quot;,&quot;shape_divider_bottom&quot;:&quot;opacity-tilt&quot;}\">\n\t\t\t\t<div class=\"elementor-shape elementor-shape-bottom\" aria-hidden=\"true\" data-negative=\"false\">\n\t\t\t<svg xmlns=\"http:\/\/www.w3.org\/2000\/svg\" viewBox=\"0 0 2600 131.1\" preserveAspectRatio=\"none\">\n\t<path class=\"elementor-shape-fill\" d=\"M0 0L2600 0 2600 69.1 0 0z\"\/>\n\t<path class=\"elementor-shape-fill\" style=\"opacity:0.5\" d=\"M0 0L2600 0 2600 69.1 0 69.1z\"\/>\n\t<path class=\"elementor-shape-fill\" style=\"opacity:0.25\" d=\"M2600 0L0 0 0 130.1 2600 69.1z\"\/>\n<\/svg>\t\t<\/div>\n\t\t<div class=\"elementor-element elementor-element-6706736 e-con-full e-flex e-con e-child\" data-id=\"6706736\" data-element_type=\"container\">\n\t\t\t\t<div class=\"elementor-element elementor-element-c6b7ef2 elementor-widget elementor-widget-image\" data-id=\"c6b7ef2\" data-element_type=\"widget\" data-widget_type=\"image.default\">\n\t\t\t\t<div class=\"elementor-widget-container\">\n\t\t\t\t\t\t\t\t\t\t\t\t\t\t\t<img fetchpriority=\"high\" decoding=\"async\" width=\"508\" height=\"1024\" src=\"https:\/\/www.medienguide-fembohaus.nuernberg.de\/wp-content\/uploads\/2024\/03\/headphones-new-508x1024.png\" class=\"attachment-large size-large wp-image-2744\" alt=\"\" srcset=\"https:\/\/www.medienguide-fembohaus.nuernberg.de\/wp-content\/uploads\/2024\/03\/headphones-new-508x1024.png 508w, https:\/\/www.medienguide-fembohaus.nuernberg.de\/wp-content\/uploads\/2024\/03\/headphones-new-149x300.png 149w, https:\/\/www.medienguide-fembohaus.nuernberg.de\/wp-content\/uploads\/2024\/03\/headphones-new-768x1549.png 768w, https:\/\/www.medienguide-fembohaus.nuernberg.de\/wp-content\/uploads\/2024\/03\/headphones-new-762x1536.png 762w, https:\/\/www.medienguide-fembohaus.nuernberg.de\/wp-content\/uploads\/2024\/03\/headphones-new-1015x2048.png 1015w, https:\/\/www.medienguide-fembohaus.nuernberg.de\/wp-content\/uploads\/2024\/03\/headphones-new-6x12.png 6w, https:\/\/www.medienguide-fembohaus.nuernberg.de\/wp-content\/uploads\/2024\/03\/headphones-new.png 1780w\" sizes=\"(max-width: 508px) 100vw, 508px\" \/>\t\t\t\t\t\t\t\t\t\t\t\t\t\t\t<\/div>\n\t\t\t\t<\/div>\n\t\t\t\t<div class=\"elementor-element elementor-element-9212fbb elementor-widget elementor-widget-image\" data-id=\"9212fbb\" data-element_type=\"widget\" data-widget_type=\"image.default\">\n\t\t\t\t<div class=\"elementor-widget-container\">\n\t\t\t\t\t\t\t\t\t\t\t\t\t\t\t<img decoding=\"async\" width=\"715\" height=\"120\" src=\"https:\/\/www.medienguide-fembohaus.nuernberg.de\/wp-content\/uploads\/2024\/02\/start-4.png\" class=\"attachment-large size-large wp-image-1795\" alt=\"\" srcset=\"https:\/\/www.medienguide-fembohaus.nuernberg.de\/wp-content\/uploads\/2024\/02\/start-4.png 715w, https:\/\/www.medienguide-fembohaus.nuernberg.de\/wp-content\/uploads\/2024\/02\/start-4-300x50.png 300w, https:\/\/www.medienguide-fembohaus.nuernberg.de\/wp-content\/uploads\/2024\/02\/start-4-18x3.png 18w\" sizes=\"(max-width: 715px) 100vw, 715px\" \/>\t\t\t\t\t\t\t\t\t\t\t\t\t\t\t<\/div>\n\t\t\t\t<\/div>\n\t\t\t\t<\/div>\n\t\t\t\t<\/div>\n\t\t<div class=\"elementor-element elementor-element-f8d19ec e-con-full e-flex e-con e-parent\" data-id=\"f8d19ec\" data-element_type=\"container\">\n\t\t\t\t<div class=\"elementor-element elementor-element-fcc662d elementor-widget elementor-widget-heading\" data-id=\"fcc662d\" data-element_type=\"widget\" data-widget_type=\"heading.default\">\n\t\t\t\t<div class=\"elementor-widget-container\">\n\t\t\t\t\t<h2 class=\"elementor-heading-title elementor-size-default\">Kopfh\u00f6rer<\/h2>\t\t\t\t<\/div>\n\t\t\t\t<\/div>\n\t\t\t\t<div class=\"elementor-element elementor-element-a9ca376 elementor-widget elementor-widget-text-editor\" data-id=\"a9ca376\" data-element_type=\"widget\" data-widget_type=\"text-editor.default\">\n\t\t\t\t<div class=\"elementor-widget-container\">\n\t\t\t\t\t\t\t\t\tWichtiger Hinweis: Um andere Besucher nicht zu st\u00f6ren, bitten wir Sie, einen Kopfh\u00f6rer zu benutzen. Sollten Sie keinen Kopfh\u00f6rer zur Hand haben, k\u00f6nnen Sie sich an der Kasse kostenlos einen ausleihen.\t\t\t\t\t\t\t\t<\/div>\n\t\t\t\t<\/div>\n\t\t\t\t<div class=\"elementor-element elementor-element-18c07f9 elementor-align-justify elementor-mobile-align-right elementor-widget elementor-widget-button\" data-id=\"18c07f9\" data-element_type=\"widget\" data-widget_type=\"button.default\">\n\t\t\t\t<div class=\"elementor-widget-container\">\n\t\t\t\t\t\t\t\t\t<div class=\"elementor-button-wrapper\">\n\t\t\t\t\t<a class=\"elementor-button elementor-button-link elementor-size-sm\" href=\"\/de\/geschossuebersicht\">\n\t\t\t\t\t\t<span class=\"elementor-button-content-wrapper\">\n\t\t\t\t\t\t\t\t\t<span class=\"elementor-button-text\">Weiter<\/span>\n\t\t\t\t\t<\/span>\n\t\t\t\t\t<\/a>\n\t\t\t\t<\/div>\n\t\t\t\t\t\t\t\t<\/div>\n\t\t\t\t<\/div>\n\t\t\t\t<\/div>\n\t\t\t\t<\/div>\n\t\t","protected":false},"excerpt":{"rendered":"<p>Kopfh\u00f6rer Wichtiger Hinweis: Um andere Besucher nicht zu st\u00f6ren, bitten wir Sie, einen Kopfh\u00f6rer zu benutzen. Sollten Sie keinen Kopfh\u00f6rer [&hellip;]<\/p>\n","protected":false},"author":1,"featured_media":0,"parent":0,"menu_order":0,"comment_status":"closed","ping_status":"closed","template":"elementor_header_footer","meta":{"site-sidebar-layout":"no-sidebar","site-content-layout":"","ast-site-content-layout":"full-width-container","site-content-style":"default","site-sidebar-style":"default","ast-global-header-display":"","ast-banner-title-visibility":"","ast-main-header-display":"","ast-hfb-above-header-display":"","ast-hfb-below-header-display":"","ast-hfb-mobile-header-display":"","site-post-title":"disabled","ast-breadcrumbs-content":"","ast-featured-img":"disabled","footer-sml-layout":"","theme-transparent-header-meta":"","adv-header-id-meta":"","stick-header-meta":"","header-above-stick-meta":"","header-main-stick-meta":"","header-below-stick-meta":"","astra-migrate-meta-layouts":"default","ast-page-background-enabled":"default","ast-page-background-meta":{"desktop":{"background-color":"var(--ast-global-color-4)","background-image":"","background-repeat":"repeat","background-position":"center center","background-size":"auto","background-attachment":"scroll","background-type":"","background-media":"","overlay-type":"","overlay-color":"","overlay-opacity":"","overlay-gradient":""},"tablet":{"background-color":"","background-image":"","background-repeat":"repeat","background-position":"center center","background-size":"auto","background-attachment":"scroll","background-type":"","background-media":"","overlay-type":"","overlay-color":"","overlay-opacity":"","overlay-gradient":""},"mobile":{"background-color":"","background-image":"","background-repeat":"repeat","background-position":"center center","background-size":"auto","background-attachment":"scroll","background-type":"","background-media":"","overlay-type":"","overlay-color":"","overlay-opacity":"","overlay-gradient":""}},"ast-content-background-meta":{"desktop":{"background-color":"var(--ast-global-color-5)","background-image":"","background-repeat":"repeat","background-position":"center center","background-size":"auto","background-attachment":"scroll","background-type":"","background-media":"","overlay-type":"","overlay-color":"","overlay-opacity":"","overlay-gradient":""},"tablet":{"background-color":"var(--ast-global-color-5)","background-image":"","background-repeat":"repeat","background-position":"center center","background-size":"auto","background-attachment":"scroll","background-type":"","background-media":"","overlay-type":"","overlay-color":"","overlay-opacity":"","overlay-gradient":""},"mobile":{"background-color":"var(--ast-global-color-5)","background-image":"","background-repeat":"repeat","background-position":"center center","background-size":"auto","background-attachment":"scroll","background-type":"","background-media":"","overlay-type":"","overlay-color":"","overlay-opacity":"","overlay-gradient":""}},"footnotes":""},"class_list":["post-172","page","type-page","status-publish","hentry"],"_links":{"self":[{"href":"https:\/\/www.medienguide-fembohaus.nuernberg.de\/de\/wp-json\/wp\/v2\/pages\/172","targetHints":{"allow":["GET"]}}],"collection":[{"href":"https:\/\/www.medienguide-fembohaus.nuernberg.de\/de\/wp-json\/wp\/v2\/pages"}],"about":[{"href":"https:\/\/www.medienguide-fembohaus.nuernberg.de\/de\/wp-json\/wp\/v2\/types\/page"}],"author":[{"embeddable":true,"href":"https:\/\/www.medienguide-fembohaus.nuernberg.de\/de\/wp-json\/wp\/v2\/users\/1"}],"replies":[{"embeddable":true,"href":"https:\/\/www.medienguide-fembohaus.nuernberg.de\/de\/wp-json\/wp\/v2\/comments?post=172"}],"version-history":[{"count":31,"href":"https:\/\/www.medienguide-fembohaus.nuernberg.de\/de\/wp-json\/wp\/v2\/pages\/172\/revisions"}],"predecessor-version":[{"id":2758,"href":"https:\/\/www.medienguide-fembohaus.nuernberg.de\/de\/wp-json\/wp\/v2\/pages\/172\/revisions\/2758"}],"wp:attachment":[{"href":"https:\/\/www.medienguide-fembohaus.nuernberg.de\/de\/wp-json\/wp\/v2\/media?parent=172"}],"curies":[{"name":"wp","href":"https:\/\/api.w.org\/{rel}","templated":true}]}}