{"id":518,"date":"2024-01-20T17:58:32","date_gmt":"2024-01-20T16:58:32","guid":{"rendered":"https:\/\/www.medienguide-fembohaus.nuernberg.de\/?page_id=518"},"modified":"2024-03-16T15:25:18","modified_gmt":"2024-03-16T14:25:18","slug":"rat","status":"publish","type":"page","link":"https:\/\/www.medienguide-fembohaus.nuernberg.de\/de\/geschossuebersicht\/dritterstock\/rat\/","title":{"rendered":"Rat"},"content":{"rendered":"\t\t<div data-elementor-type=\"wp-page\" data-elementor-id=\"518\" class=\"elementor elementor-518\" data-elementor-post-type=\"page\">\n\t\t\t\t<div class=\"elementor-element elementor-element-f547e6a e-con-full e-flex e-con e-parent\" data-id=\"f547e6a\" data-element_type=\"container\">\n\t\t<div class=\"elementor-element elementor-element-da57010 e-con-full e-flex e-con e-child\" data-id=\"da57010\" data-element_type=\"container\">\n\t\t\t\t<div class=\"elementor-element elementor-element-660396b elementor-widget elementor-widget-hotspot\" data-id=\"660396b\" data-element_type=\"widget\" data-settings=\"{&quot;hotspot&quot;:[{&quot;_id&quot;:&quot;bc859ae&quot;,&quot;hotspot_link&quot;:{&quot;url&quot;:&quot;\\\/de\\\/geschossuebersicht\\\/dritterstock\\\/kunsthandwerk&quot;,&quot;is_external&quot;:&quot;&quot;,&quot;nofollow&quot;:&quot;&quot;,&quot;custom_attributes&quot;:&quot;&quot;},&quot;hotspot_custom_size&quot;:&quot;&quot;,&quot;hotspot_tooltip_content&quot;:&quot;&quot;,&quot;hotspot_offset_x&quot;:{&quot;unit&quot;:&quot;%&quot;,&quot;size&quot;:71,&quot;sizes&quot;:[]},&quot;hotspot_offset_y&quot;:{&quot;unit&quot;:&quot;%&quot;,&quot;size&quot;:34,&quot;sizes&quot;:[]},&quot;hotspot_tooltip_position&quot;:&quot;yes&quot;,&quot;hotspot_label&quot;:&quot;&quot;,&quot;hotspot_icon&quot;:{&quot;value&quot;:&quot;&quot;,&quot;library&quot;:&quot;&quot;},&quot;hotspot_horizontal&quot;:&quot;left&quot;,&quot;hotspot_vertical&quot;:&quot;top&quot;,&quot;hotspot_position&quot;:&quot;&quot;},{&quot;hotspot_link&quot;:{&quot;url&quot;:&quot;\\\/de\\\/geschossuebersicht\\\/dritterstock\\\/kaiser&quot;,&quot;is_external&quot;:&quot;&quot;,&quot;nofollow&quot;:&quot;&quot;,&quot;custom_attributes&quot;:&quot;&quot;},&quot;hotspot_custom_size&quot;:&quot;&quot;,&quot;hotspot_tooltip_content&quot;:&quot;&quot;,&quot;hotspot_offset_x&quot;:{&quot;unit&quot;:&quot;%&quot;,&quot;size&quot;:92,&quot;sizes&quot;:[]},&quot;hotspot_offset_y&quot;:{&quot;unit&quot;:&quot;%&quot;,&quot;size&quot;:34,&quot;sizes&quot;:[]},&quot;hotspot_tooltip_position&quot;:&quot;yes&quot;,&quot;_id&quot;:&quot;deb0913&quot;,&quot;hotspot_label&quot;:&quot;&quot;,&quot;hotspot_icon&quot;:{&quot;value&quot;:&quot;&quot;,&quot;library&quot;:&quot;&quot;},&quot;hotspot_horizontal&quot;:&quot;left&quot;,&quot;hotspot_vertical&quot;:&quot;top&quot;,&quot;hotspot_position&quot;:&quot;&quot;},{&quot;hotspot_link&quot;:{&quot;url&quot;:&quot;\\\/de\\\/geschossuebersicht\\\/dritterstock\\\/rat&quot;,&quot;is_external&quot;:&quot;&quot;,&quot;nofollow&quot;:&quot;&quot;,&quot;custom_attributes&quot;:&quot;&quot;},&quot;hotspot_custom_size&quot;:&quot;&quot;,&quot;hotspot_tooltip_content&quot;:&quot;&quot;,&quot;hotspot_offset_x&quot;:{&quot;unit&quot;:&quot;%&quot;,&quot;size&quot;:92,&quot;sizes&quot;:[]},&quot;hotspot_offset_y&quot;:{&quot;unit&quot;:&quot;%&quot;,&quot;size&quot;:77,&quot;sizes&quot;:[]},&quot;hotspot_tooltip_position&quot;:&quot;yes&quot;,&quot;_id&quot;:&quot;0cfa32a&quot;,&quot;hotspot_label&quot;:&quot;&quot;,&quot;hotspot_icon&quot;:{&quot;value&quot;:&quot;&quot;,&quot;library&quot;:&quot;&quot;},&quot;hotspot_horizontal&quot;:&quot;left&quot;,&quot;hotspot_vertical&quot;:&quot;top&quot;,&quot;hotspot_position&quot;:&quot;&quot;},{&quot;hotspot_link&quot;:{&quot;url&quot;:&quot;\\\/de\\\/geschossuebersicht\\\/dritterstock\\\/handel&quot;,&quot;is_external&quot;:&quot;&quot;,&quot;nofollow&quot;:&quot;&quot;,&quot;custom_attributes&quot;:&quot;&quot;},&quot;hotspot_custom_size&quot;:&quot;&quot;,&quot;hotspot_tooltip_content&quot;:&quot;&quot;,&quot;hotspot_offset_x&quot;:{&quot;unit&quot;:&quot;%&quot;,&quot;size&quot;:71,&quot;sizes&quot;:[]},&quot;hotspot_offset_y&quot;:{&quot;unit&quot;:&quot;%&quot;,&quot;size&quot;:77,&quot;sizes&quot;:[]},&quot;hotspot_tooltip_position&quot;:&quot;yes&quot;,&quot;_id&quot;:&quot;77bdf57&quot;,&quot;hotspot_label&quot;:&quot;&quot;,&quot;hotspot_icon&quot;:{&quot;value&quot;:&quot;&quot;,&quot;library&quot;:&quot;&quot;},&quot;hotspot_horizontal&quot;:&quot;left&quot;,&quot;hotspot_vertical&quot;:&quot;top&quot;,&quot;hotspot_position&quot;:&quot;&quot;}],&quot;tooltip_trigger&quot;:&quot;none&quot;,&quot;tooltip_position&quot;:&quot;top&quot;}\" data-widget_type=\"hotspot.default\">\n\t\t\t\t<div class=\"elementor-widget-container\">\n\t\t\t\t\t<img fetchpriority=\"high\" decoding=\"async\" width=\"1024\" height=\"469\" src=\"https:\/\/www.medienguide-fembohaus.nuernberg.de\/wp-content\/uploads\/2024\/02\/Gruppe-408-1024x469.png\" class=\"attachment-large size-large wp-image-1142\" alt=\"\" srcset=\"https:\/\/www.medienguide-fembohaus.nuernberg.de\/wp-content\/uploads\/2024\/02\/Gruppe-408-1024x469.png 1024w, https:\/\/www.medienguide-fembohaus.nuernberg.de\/wp-content\/uploads\/2024\/02\/Gruppe-408-300x138.png 300w, https:\/\/www.medienguide-fembohaus.nuernberg.de\/wp-content\/uploads\/2024\/02\/Gruppe-408-768x352.png 768w, https:\/\/www.medienguide-fembohaus.nuernberg.de\/wp-content\/uploads\/2024\/02\/Gruppe-408-18x8.png 18w, https:\/\/www.medienguide-fembohaus.nuernberg.de\/wp-content\/uploads\/2024\/02\/Gruppe-408.png 1298w\" sizes=\"(max-width: 1024px) 100vw, 1024px\" \/>\n\t\t\t\t\t\t<a class=\"e-hotspot elementor-repeater-item-bc859ae  e-hotspot--position-left e-hotspot--position-top e-hotspot--link  e-hotspot--circle\" href=\"\/de\/geschossuebersicht\/dritterstock\/kunsthandwerk\">\n\n\t\t\t\t\t\t\t\t<div class=\"e-hotspot__button e-hotspot--overlay\">\n\t\t\t\t\t\t\t\t\t\t\t<div class=\"e-hotspot__outer-circle\"><\/div>\n\t\t\t\t\t\t<div class=\"e-hotspot__inner-circle\"><\/div>\n\t\t\t\t\t\t\t\t\t<\/div>\n\n\t\t\t\t\t\t\t\t\n\t\t\t<\/a>\n\n\t\n\t\t\t\t\t\t<a class=\"e-hotspot elementor-repeater-item-deb0913  e-hotspot--position-left e-hotspot--position-top e-hotspot--link  e-hotspot--circle\" href=\"\/de\/geschossuebersicht\/dritterstock\/kaiser\">\n\n\t\t\t\t\t\t\t\t<div class=\"e-hotspot__button e-hotspot--overlay\">\n\t\t\t\t\t\t\t\t\t\t\t<div class=\"e-hotspot__outer-circle\"><\/div>\n\t\t\t\t\t\t<div class=\"e-hotspot__inner-circle\"><\/div>\n\t\t\t\t\t\t\t\t\t<\/div>\n\n\t\t\t\t\t\t\t\t\n\t\t\t<\/a>\n\n\t\n\t\t\t\t\t\t<a class=\"e-hotspot elementor-repeater-item-0cfa32a  e-hotspot--position-left e-hotspot--position-top e-hotspot--link  e-hotspot--circle\" href=\"\/de\/geschossuebersicht\/dritterstock\/rat\">\n\n\t\t\t\t\t\t\t\t<div class=\"e-hotspot__button e-hotspot--overlay\">\n\t\t\t\t\t\t\t\t\t\t\t<div class=\"e-hotspot__outer-circle\"><\/div>\n\t\t\t\t\t\t<div class=\"e-hotspot__inner-circle\"><\/div>\n\t\t\t\t\t\t\t\t\t<\/div>\n\n\t\t\t\t\t\t\t\t\n\t\t\t<\/a>\n\n\t\n\t\t\t\t\t\t<a class=\"e-hotspot elementor-repeater-item-77bdf57  e-hotspot--position-left e-hotspot--position-top e-hotspot--link  e-hotspot--circle\" href=\"\/de\/geschossuebersicht\/dritterstock\/handel\">\n\n\t\t\t\t\t\t\t\t<div class=\"e-hotspot__button e-hotspot--overlay\">\n\t\t\t\t\t\t\t\t\t\t\t<div class=\"e-hotspot__outer-circle\"><\/div>\n\t\t\t\t\t\t<div class=\"e-hotspot__inner-circle\"><\/div>\n\t\t\t\t\t\t\t\t\t<\/div>\n\n\t\t\t\t\t\t\t\t\n\t\t\t<\/a>\n\n\t\n\t\t\t\t\t\t<\/div>\n\t\t\t\t<\/div>\n\t\t\t\t<div class=\"elementor-element elementor-element-70dfb20 elementor-widget elementor-widget-text-editor\" data-id=\"70dfb20\" data-element_type=\"widget\" data-widget_type=\"text-editor.default\">\n\t\t\t\t<div class=\"elementor-widget-container\">\n\t\t\t\t\t\t\t\t\t<p>Bitte nutzen Sie den Grundriss oder die untenstehenden Buttons, um einen Raum auszuw\u00e4hlen.<\/p>\t\t\t\t\t\t\t\t<\/div>\n\t\t\t\t<\/div>\n\t\t\t\t<div class=\"elementor-element elementor-element-62fdf15 elementor-view-default elementor-widget elementor-widget-icon\" data-id=\"62fdf15\" data-element_type=\"widget\" data-widget_type=\"icon.default\">\n\t\t\t\t<div class=\"elementor-widget-container\">\n\t\t\t\t\t\t\t<div class=\"elementor-icon-wrapper\">\n\t\t\t<a class=\"elementor-icon\" href=\"\/de\/geschossuebersicht\/dritterstock\">\n\t\t\t<svg aria-hidden=\"true\" class=\"e-font-icon-svg e-fas-long-arrow-alt-left\" viewBox=\"0 0 448 512\" xmlns=\"http:\/\/www.w3.org\/2000\/svg\"><path d=\"M134.059 296H436c6.627 0 12-5.373 12-12v-56c0-6.627-5.373-12-12-12H134.059v-46.059c0-21.382-25.851-32.09-40.971-16.971L7.029 239.029c-9.373 9.373-9.373 24.569 0 33.941l86.059 86.059c15.119 15.119 40.971 4.411 40.971-16.971V296z\"><\/path><\/svg>\t\t\t<\/a>\n\t\t<\/div>\n\t\t\t\t\t\t<\/div>\n\t\t\t\t<\/div>\n\t\t\t\t<div class=\"elementor-element elementor-element-03df5ca elementor-widget elementor-widget-heading\" data-id=\"03df5ca\" data-element_type=\"widget\" data-widget_type=\"heading.default\">\n\t\t\t\t<div class=\"elementor-widget-container\">\n\t\t\t\t\t<h2 class=\"elementor-heading-title elementor-size-default\">3.3 Der Rat und die Stadt<\/h2>\t\t\t\t<\/div>\n\t\t\t\t<\/div>\n\t\t\t\t<\/div>\n\t\t\t\t<\/div>\n\t\t<div class=\"elementor-element elementor-element-8dafccb e-flex e-con-boxed e-con e-parent\" data-id=\"8dafccb\" data-element_type=\"container\">\n\t\t\t\t\t<div class=\"e-con-inner\">\n\t\t\t\t<div class=\"elementor-element elementor-element-40d9e99 elementor-widget elementor-widget-eael-adv-accordion\" data-id=\"40d9e99\" data-element_type=\"widget\" data-widget_type=\"eael-adv-accordion.default\">\n\t\t\t\t<div class=\"elementor-widget-container\">\n\t\t\t\t\t        <div class=\"eael-adv-accordion\" id=\"eael-adv-accordion-40d9e99\" data-scroll-on-click=\"yes\" data-scroll-speed=\"300\" data-accordion-id=\"40d9e99\" data-accordion-type=\"accordion\" data-toogle-speed=\"300\">\n    <div class=\"eael-accordion-list\">\n                <div id=\"ratsverfassung\" class=\"elementor-tab-title eael-accordion-header\" tabindex=\"0\" data-tab=\"1\" aria-controls=\"elementor-tab-content-6801\"><span class=\"fa-accordion-icon fa-accordion-icon-svg eaa-svg eael-advanced-accordion-icon-closed\"><svg xmlns=\"http:\/\/www.w3.org\/2000\/svg\" width=\"52\" height=\"45\" viewBox=\"0 0 52 45\"><g id=\"_4.1_1_right\" data-name=\"4.1_1_right\" transform=\"translate(-3900 1363.789)\"><g id=\"Pfeil_klein\" data-name=\"Pfeil klein\" transform=\"translate(3900 -1353.789)\"><path id=\"Pfad_1\" data-name=\"Pfad 1\" d=\"M1298.547,1095.775a1.191,1.191,0,0,1,.334-.754l7.971-5.869-7.971-6.084a1.191,1.191,0,0,1-.334-.754v-4.684c0-.861.626-1.292,1.168-.861l14.606,11.414c.208.162.776.656.776,1.067,0,.445-.538.842-.776,1.034l-14.606,11.038c-.543.431-1.168,0-1.168-.861Z\" transform=\"translate(-1298.547 -1076.599)\" fill=\"#5d96a2\"><\/path><path id=\"Pfad_2\" data-name=\"Pfad 2\" d=\"M1498.886,1097.628a1.19,1.19,0,0,1,.334-.754l7.708-5.869-7.708-6.084a1.191,1.191,0,0,1-.334-.754v-4.684c0-.861.626-1.292,1.169-.861l14.606,11.415c.209.162.779.627.779,1.072s-.566.854-.779,1.028l-14.606,11.038c-.543.43-1.169,0-1.169-.862Z\" transform=\"translate(-1487.064 -1078.343)\" fill=\"#5d96a2\"><\/path><\/g><text id=\"_1\" data-name=\"1\" transform=\"translate(3946 -1330.789)\" fill=\"#5d96a2\" font-size=\"31\" font-family=\"BrandonGrotesque-Black, Brandon Grotesque\" font-weight=\"800\"><tspan x=\"-5.797\" y=\"0\">1<\/tspan><\/text><\/g><\/svg><\/span><span class=\"fa-accordion-icon fa-accordion-icon-svg eaa-svg eael-advanced-accordion-icon-opened\"><svg xmlns=\"http:\/\/www.w3.org\/2000\/svg\" width=\"52\" height=\"45\" viewBox=\"0 0 52 45\"><g id=\"_4.1_1_left\" data-name=\"4.1_1_left\" transform=\"translate(-3993.5 1363.789)\"><g id=\"Pfeil_klein\" data-name=\"Pfeil klein\" transform=\"translate(4021.875 -1328.789) rotate(180)\"><path id=\"Pfad_1\" data-name=\"Pfad 1\" d=\"M1298.547,1095.775a1.191,1.191,0,0,1,.334-.754l7.971-5.869-7.971-6.084a1.191,1.191,0,0,1-.334-.754v-4.684c0-.861.626-1.292,1.168-.861l14.606,11.414c.208.162.776.656.776,1.067,0,.445-.538.842-.776,1.034l-14.606,11.038c-.543.431-1.168,0-1.168-.861Z\" transform=\"translate(-1298.547 -1076.599)\" fill=\"#5d96a2\"><\/path><path id=\"Pfad_2\" data-name=\"Pfad 2\" d=\"M1498.886,1097.628a1.19,1.19,0,0,1,.334-.754l7.708-5.869-7.708-6.084a1.191,1.191,0,0,1-.334-.754v-4.684c0-.861.626-1.292,1.169-.861l14.606,11.415c.209.162.779.627.779,1.072s-.566.854-.779,1.028l-14.606,11.038c-.543.43-1.169,0-1.169-.862Z\" transform=\"translate(-1487.064 -1078.343)\" fill=\"#5d96a2\"><\/path><\/g><text id=\"_1\" data-name=\"1\" transform=\"translate(4039.5 -1330.789)\" fill=\"#5d96a2\" font-size=\"31\" font-family=\"BrandonGrotesque-Black, Brandon Grotesque\" font-weight=\"800\"><tspan x=\"-5.797\" y=\"0\">1<\/tspan><\/text><\/g><\/svg><\/span><span class=\"eael-accordion-tab-title\">Ratsverfassung, Patriziat und die Zeit nach 1806<\/span><\/div><div id=\"elementor-tab-content-6801\" class=\"eael-accordion-content clearfix\" data-tab=\"1\" aria-labelledby=\"ratsverfassung\"><p>\u00a0 <div id=\"audioigniter-1084\" class=\"audioigniter-root \" data-player-type=\"simple\" data-tracks-url=\"https:\/\/www.medienguide-fembohaus.nuernberg.de\/de\/?audioigniter_playlist_id=1084\" data-display-track-no=\"false\" data-reverse-track-order=\"false\" data-display-tracklist-covers=\"true\" data-display-active-cover=\"true\" data-display-artist-names=\"false\" data-display-buy-buttons=\"false\" data-buy-buttons-target=\"false\" data-cycle-tracks=\"false\" data-display-credits=\"false\" data-display-tracklist=\"true\" data-allow-tracklist-toggle=\"true\" data-allow-tracklist-loop=\"true\" data-limit-tracklist-height=\"true\" data-volume=\"100\" data-tracklist-height=\"185\" data-allow-track-loop=\"false\" data-shuffle=\"false\" data-shuffle-default=\"false\" data-allow-playback-rate=\"false\" data-timer-countdown=\"false\" data-initial-track=\"1\" data-stop-on-finish=\"false\" data-remember-last=\"false\" data-player-buttons=\"[]\" ><\/div> <\/p><p>Dem N\u00fcrnberger Stadtrat geh\u00f6rten Patrizier an. Zum Patriziat z\u00e4hlten N\u00fcrnberger Familien, die besonders einflussreich waren.<\/p><p>Der Rat bestand aus einem Kleineren und einem Gr\u00f6\u00dferen Rat, wobei der Kleine Rat die eigentliche Regierung bildete.<\/p><p>Nach einem Handwerkeraufstand 1348\/49 wurde der Kleine Rat um acht Mitglieder erweitert. Die acht bedeutendsten Handwerke konnten je einen Vertreter entsenden. Diese Handwerksherren waren jedoch weitgehend machtlos und hatten kein Stimmrecht.<\/p><p>Erst 1794 wurde die Stadtverfassung im sogenannten Grundvertrag ge\u00e4ndert. Die Stadt war in finanziellen Schwierigkeiten und einflussreiche Kaufleute wollten am Stadtregiment beteiligt werden. Der Gr\u00f6\u00dfere Rat bekam in der Folge mehr Macht. In der Stadtregierung hatten nun auch Kaufleute, Handwerker, Gelehrte und Beamte mehr Einfluss. <br \/>Der Kleine Rat wurde 1797 endg\u00fcltig entmachtet und durch eine kaiserliche Kommission ersetzt. Diese Kommission zerschlug die alten, reichsst\u00e4dtischen Strukturen. Ab 1805 hie\u00df die Stadtregierung Magistrat. Sie bestand nun aus patrizischen und b\u00fcrgerlichen Senatoren. <br \/>Mehr \u00fcber den N\u00fcrnberger Stadtrat erfahren Sie an der interaktiven Medienstation in diesem Raum.<\/p><\/div>\n                <\/div><div class=\"eael-accordion-list\">\n                <div id=\"glasgemaelde\" class=\"elementor-tab-title eael-accordion-header\" tabindex=\"0\" data-tab=\"2\" aria-controls=\"elementor-tab-content-6802\"><span class=\"fa-accordion-icon fa-accordion-icon-svg eaa-svg eael-advanced-accordion-icon-closed\"><svg xmlns=\"http:\/\/www.w3.org\/2000\/svg\" width=\"54\" height=\"45\" viewBox=\"0 0 54 45\"><g id=\"_4.1_2_right\" data-name=\"4.1_2_right\" transform=\"translate(-3900 1328.789)\"><g id=\"Gruppe_558\" data-name=\"Gruppe 558\" transform=\"translate(0 35)\"><g id=\"Pfeil_klein\" data-name=\"Pfeil klein\" transform=\"translate(3900 -1353.789)\"><path id=\"Pfad_1\" data-name=\"Pfad 1\" d=\"M1298.547,1095.775a1.191,1.191,0,0,1,.334-.754l7.971-5.869-7.971-6.084a1.191,1.191,0,0,1-.334-.754v-4.684c0-.861.626-1.292,1.168-.861l14.606,11.414c.208.162.776.656.776,1.067,0,.445-.538.842-.776,1.034l-14.606,11.038c-.543.431-1.168,0-1.168-.861Z\" transform=\"translate(-1298.547 -1076.599)\" fill=\"#5d96a2\"><\/path><path id=\"Pfad_2\" data-name=\"Pfad 2\" d=\"M1498.886,1097.628a1.19,1.19,0,0,1,.334-.754l7.708-5.869-7.708-6.084a1.191,1.191,0,0,1-.334-.754v-4.684c0-.861.626-1.292,1.169-.861l14.606,11.415c.209.162.779.627.779,1.072s-.566.854-.779,1.028l-14.606,11.038c-.543.43-1.169,0-1.169-.862Z\" transform=\"translate(-1487.064 -1078.343)\" fill=\"#5d96a2\"><\/path><\/g><text id=\"_2\" data-name=\"2\" transform=\"translate(3946 -1330.789)\" fill=\"#5d96a2\" font-size=\"31\" font-family=\"BrandonGrotesque-Black, Brandon Grotesque\" font-weight=\"800\"><tspan x=\"-7.967\" y=\"0\">2<\/tspan><\/text><\/g><\/g><\/svg><\/span><span class=\"fa-accordion-icon fa-accordion-icon-svg eaa-svg eael-advanced-accordion-icon-opened\"><svg xmlns=\"http:\/\/www.w3.org\/2000\/svg\" width=\"54\" height=\"45\" viewBox=\"0 0 54 45\"><g id=\"_4.1_2_left\" data-name=\"4.1_2_left\" transform=\"translate(-3993.5 1328.789)\"><g id=\"Pfeil_klein\" data-name=\"Pfeil klein\" transform=\"translate(4021.875 -1293.789) rotate(180)\"><path id=\"Pfad_1\" data-name=\"Pfad 1\" d=\"M1298.547,1095.775a1.191,1.191,0,0,1,.334-.754l7.971-5.869-7.971-6.084a1.191,1.191,0,0,1-.334-.754v-4.684c0-.861.626-1.292,1.168-.861l14.606,11.414c.208.162.776.656.776,1.067,0,.445-.538.842-.776,1.034l-14.606,11.038c-.543.431-1.168,0-1.168-.861Z\" transform=\"translate(-1298.547 -1076.599)\" fill=\"#5d96a2\"><\/path><path id=\"Pfad_2\" data-name=\"Pfad 2\" d=\"M1498.886,1097.628a1.19,1.19,0,0,1,.334-.754l7.708-5.869-7.708-6.084a1.191,1.191,0,0,1-.334-.754v-4.684c0-.861.626-1.292,1.169-.861l14.606,11.415c.209.162.779.627.779,1.072s-.566.854-.779,1.028l-14.606,11.038c-.543.43-1.169,0-1.169-.862Z\" transform=\"translate(-1487.064 -1078.343)\" fill=\"#5d96a2\"><\/path><\/g><text id=\"_2\" data-name=\"2\" transform=\"translate(4039.5 -1295.789)\" fill=\"#5d96a2\" font-size=\"31\" font-family=\"BrandonGrotesque-Black, Brandon Grotesque\" font-weight=\"800\"><tspan x=\"-7.967\" y=\"0\">2<\/tspan><\/text><\/g><\/svg><\/span><span class=\"eael-accordion-tab-title\">Glasgem\u00e4lde aus dem gro\u00dfen Rathaussaal \u2013 Was bedeutet \u201egute Regierung\u201c Bitte?<\/span><\/div><div id=\"elementor-tab-content-6802\" class=\"eael-accordion-content clearfix\" data-tab=\"2\" aria-labelledby=\"glasgemaelde\"><p>\u00a0 <div id=\"audioigniter-1088\" class=\"audioigniter-root \" data-player-type=\"simple\" data-tracks-url=\"https:\/\/www.medienguide-fembohaus.nuernberg.de\/de\/?audioigniter_playlist_id=1088\" data-display-track-no=\"false\" data-reverse-track-order=\"false\" data-display-tracklist-covers=\"true\" data-display-active-cover=\"true\" data-display-artist-names=\"false\" data-display-buy-buttons=\"false\" data-buy-buttons-target=\"false\" data-cycle-tracks=\"false\" data-display-credits=\"false\" data-display-tracklist=\"true\" data-allow-tracklist-toggle=\"true\" data-allow-tracklist-loop=\"true\" data-limit-tracklist-height=\"true\" data-volume=\"100\" data-tracklist-height=\"185\" data-allow-track-loop=\"false\" data-shuffle=\"false\" data-shuffle-default=\"false\" data-allow-playback-rate=\"false\" data-timer-countdown=\"false\" data-stop-on-finish=\"false\" data-remember-last=\"false\" data-player-buttons=\"[]\" ><\/div> <\/p><p>Der Stadtrat N\u00fcrnbergs setzte Kunst und K\u00fcnstler ein, um sein Selbstbild nach au\u00dfen zu tragen. Schon in der Vormoderne wurden Botschaften auch \u00fcber Bilder transportiert. Hierzu nutzte man Allegorien und Sinnbilder, die die Menschen fr\u00fcher leicht verstehen konnten. Heute jedoch m\u00fcssen diese Sinnbilder meist \u00fcbersetzt werden.<\/p><p>Blicken Sie nun auf das Glasgem\u00e4lde oben rechts. Zuerst f\u00e4llt auf blauem Grund das sogenannte gro\u00dfe N\u00fcrnberger Stadtwappen mit dem goldenen Jungfrauenadler ins Auge. Dar\u00fcber sieht man die Wahrheit, die Veritas, als Person auf einer Wolke dargestellt. Sie ist am aufgeschlagenen Buch zu erkennen. Links neben dem Wappen steht Justitia, die Gerechtigkeit, mit ihrem Schwert. Rechts neben dem Wappen steht Pax, die Allegorie des Friedens. Sie erkennt man am \u00d6lzweig. <br \/>Mithilfe dieser Symbole konnte der Stadtrat auch Nicht-Lesenden deutlich machen, wof\u00fcr er stand. Mit Buch, Schwert und \u00d6lzweig sollte die gute Stadtregierung aus Wahrheit, Gerechtigkeit und Frieden bestehen. Eine starke Stadtregierung war auch f\u00fcr die wirtschaftliche Entwicklung N\u00fcrnbergs von gro\u00dfer Bedeutung. <br \/>Im n\u00e4chsten Raum erfahren Sie, wie sich N\u00fcrnberg zum Handelszentrum entwickelte.<\/p><\/div>\n                <\/div><\/div>\t\t\t\t<\/div>\n\t\t\t\t<\/div>\n\t\t\t\t\t<\/div>\n\t\t\t\t<\/div>\n\t\t<div class=\"elementor-element elementor-element-d466e5b e-con-full e-flex e-con e-parent\" data-id=\"d466e5b\" data-element_type=\"container\">\n\t\t\t\t<div class=\"elementor-element elementor-element-1632a60 elementor-widget elementor-widget-text-editor\" data-id=\"1632a60\" data-element_type=\"widget\" data-widget_type=\"text-editor.default\">\n\t\t\t\t<div class=\"elementor-widget-container\">\n\t\t\t\t\t\t\t\t\t<p><strong>STADTMUSEUM IM FEMBO-HAUS<\/strong><br \/>MEDIENGUIDE<\/p>\t\t\t\t\t\t\t\t<\/div>\n\t\t\t\t<\/div>\n\t\t\t\t<\/div>\n\t\t\t\t<\/div>\n\t\t","protected":false},"excerpt":{"rendered":"<p>Bitte nutzen Sie den Grundriss oder die untenstehenden Buttons, um einen Raum auszuw\u00e4hlen. 3.3 Der Rat und die Stadt 11Ratsverfassung, [&hellip;]<\/p>\n","protected":false},"author":1,"featured_media":0,"parent":441,"menu_order":0,"comment_status":"closed","ping_status":"closed","template":"elementor_header_footer","meta":{"site-sidebar-layout":"no-sidebar","site-content-layout":"","ast-site-content-layout":"full-width-container","site-content-style":"default","site-sidebar-style":"default","ast-global-header-display":"","ast-banner-title-visibility":"","ast-main-header-display":"","ast-hfb-above-header-display":"","ast-hfb-below-header-display":"","ast-hfb-mobile-header-display":"","site-post-title":"disabled","ast-breadcrumbs-content":"","ast-featured-img":"disabled","footer-sml-layout":"","theme-transparent-header-meta":"","adv-header-id-meta":"","stick-header-meta":"","header-above-stick-meta":"","header-main-stick-meta":"","header-below-stick-meta":"","astra-migrate-meta-layouts":"default","ast-page-background-enabled":"default","ast-page-background-meta":{"desktop":{"background-color":"var(--ast-global-color-4)","background-image":"","background-repeat":"repeat","background-position":"center center","background-size":"auto","background-attachment":"scroll","background-type":"","background-media":"","overlay-type":"","overlay-color":"","overlay-opacity":"","overlay-gradient":""},"tablet":{"background-color":"","background-image":"","background-repeat":"repeat","background-position":"center center","background-size":"auto","background-attachment":"scroll","background-type":"","background-media":"","overlay-type":"","overlay-color":"","overlay-opacity":"","overlay-gradient":""},"mobile":{"background-color":"","background-image":"","background-repeat":"repeat","background-position":"center center","background-size":"auto","background-attachment":"scroll","background-type":"","background-media":"","overlay-type":"","overlay-color":"","overlay-opacity":"","overlay-gradient":""}},"ast-content-background-meta":{"desktop":{"background-color":"var(--ast-global-color-5)","background-image":"","background-repeat":"repeat","background-position":"center center","background-size":"auto","background-attachment":"scroll","background-type":"","background-media":"","overlay-type":"","overlay-color":"","overlay-opacity":"","overlay-gradient":""},"tablet":{"background-color":"var(--ast-global-color-5)","background-image":"","background-repeat":"repeat","background-position":"center center","background-size":"auto","background-attachment":"scroll","background-type":"","background-media":"","overlay-type":"","overlay-color":"","overlay-opacity":"","overlay-gradient":""},"mobile":{"background-color":"var(--ast-global-color-5)","background-image":"","background-repeat":"repeat","background-position":"center center","background-size":"auto","background-attachment":"scroll","background-type":"","background-media":"","overlay-type":"","overlay-color":"","overlay-opacity":"","overlay-gradient":""}},"footnotes":""},"class_list":["post-518","page","type-page","status-publish","hentry"],"_links":{"self":[{"href":"https:\/\/www.medienguide-fembohaus.nuernberg.de\/de\/wp-json\/wp\/v2\/pages\/518","targetHints":{"allow":["GET"]}}],"collection":[{"href":"https:\/\/www.medienguide-fembohaus.nuernberg.de\/de\/wp-json\/wp\/v2\/pages"}],"about":[{"href":"https:\/\/www.medienguide-fembohaus.nuernberg.de\/de\/wp-json\/wp\/v2\/types\/page"}],"author":[{"embeddable":true,"href":"https:\/\/www.medienguide-fembohaus.nuernberg.de\/de\/wp-json\/wp\/v2\/users\/1"}],"replies":[{"embeddable":true,"href":"https:\/\/www.medienguide-fembohaus.nuernberg.de\/de\/wp-json\/wp\/v2\/comments?post=518"}],"version-history":[{"count":33,"href":"https:\/\/www.medienguide-fembohaus.nuernberg.de\/de\/wp-json\/wp\/v2\/pages\/518\/revisions"}],"predecessor-version":[{"id":2542,"href":"https:\/\/www.medienguide-fembohaus.nuernberg.de\/de\/wp-json\/wp\/v2\/pages\/518\/revisions\/2542"}],"up":[{"embeddable":true,"href":"https:\/\/www.medienguide-fembohaus.nuernberg.de\/de\/wp-json\/wp\/v2\/pages\/441"}],"wp:attachment":[{"href":"https:\/\/www.medienguide-fembohaus.nuernberg.de\/de\/wp-json\/wp\/v2\/media?parent=518"}],"curies":[{"name":"wp","href":"https:\/\/api.w.org\/{rel}","templated":true}]}}