{"id":570,"date":"2024-01-20T18:44:10","date_gmt":"2024-01-20T17:44:10","guid":{"rendered":"https:\/\/www.medienguide-fembohaus.nuernberg.de\/?page_id=570"},"modified":"2024-03-16T15:33:08","modified_gmt":"2024-03-16T14:33:08","slug":"foyer","status":"publish","type":"page","link":"https:\/\/www.medienguide-fembohaus.nuernberg.de\/de\/geschossuebersicht\/erdgeschoss\/foyer\/","title":{"rendered":"EG-Foyer"},"content":{"rendered":"\t\t<div data-elementor-type=\"wp-page\" data-elementor-id=\"570\" class=\"elementor elementor-570\" data-elementor-post-type=\"page\">\n\t\t\t\t<div class=\"elementor-element elementor-element-f547e6a e-con-full e-flex e-con e-parent\" data-id=\"f547e6a\" data-element_type=\"container\" data-settings=\"{&quot;shape_divider_bottom&quot;:&quot;opacity-tilt&quot;}\">\n\t\t\t\t<div class=\"elementor-shape elementor-shape-bottom\" aria-hidden=\"true\" data-negative=\"false\">\n\t\t\t<svg xmlns=\"http:\/\/www.w3.org\/2000\/svg\" viewBox=\"0 0 2600 131.1\" preserveAspectRatio=\"none\">\n\t<path class=\"elementor-shape-fill\" d=\"M0 0L2600 0 2600 69.1 0 0z\"\/>\n\t<path class=\"elementor-shape-fill\" style=\"opacity:0.5\" d=\"M0 0L2600 0 2600 69.1 0 69.1z\"\/>\n\t<path class=\"elementor-shape-fill\" style=\"opacity:0.25\" d=\"M2600 0L0 0 0 130.1 2600 69.1z\"\/>\n<\/svg>\t\t<\/div>\n\t\t<div class=\"elementor-element elementor-element-da57010 e-con-full e-flex e-con e-child\" data-id=\"da57010\" data-element_type=\"container\">\n\t\t\t\t<div class=\"elementor-element elementor-element-ac9be94 elementor-widget elementor-widget-hotspot\" data-id=\"ac9be94\" data-element_type=\"widget\" data-settings=\"{&quot;hotspot&quot;:[{&quot;_id&quot;:&quot;bc859ae&quot;,&quot;hotspot_custom_size&quot;:&quot;&quot;,&quot;hotspot_tooltip_content&quot;:&quot;&quot;,&quot;hotspot_offset_x&quot;:{&quot;unit&quot;:&quot;%&quot;,&quot;size&quot;:92,&quot;sizes&quot;:[]},&quot;hotspot_offset_y&quot;:{&quot;unit&quot;:&quot;%&quot;,&quot;size&quot;:32,&quot;sizes&quot;:[]},&quot;hotspot_tooltip_position&quot;:&quot;yes&quot;,&quot;hotspot_link&quot;:{&quot;url&quot;:&quot;\\\/de\\\/geschossuebersicht\\\/erdgeschoss\\\/foyer&quot;,&quot;is_external&quot;:&quot;&quot;,&quot;nofollow&quot;:&quot;&quot;,&quot;custom_attributes&quot;:&quot;&quot;},&quot;hotspot_label&quot;:&quot;&quot;,&quot;hotspot_icon&quot;:{&quot;value&quot;:&quot;&quot;,&quot;library&quot;:&quot;&quot;},&quot;hotspot_horizontal&quot;:&quot;left&quot;,&quot;hotspot_vertical&quot;:&quot;top&quot;,&quot;hotspot_position&quot;:&quot;&quot;},{&quot;hotspot_link&quot;:{&quot;url&quot;:&quot;\\\/de\\\/geschossuebersicht\\\/erdgeschoss\\\/krone-macht-geschichte&quot;,&quot;is_external&quot;:&quot;&quot;,&quot;nofollow&quot;:&quot;&quot;,&quot;custom_attributes&quot;:&quot;&quot;},&quot;hotspot_custom_size&quot;:&quot;yes&quot;,&quot;hotspot_tooltip_content&quot;:&quot;&quot;,&quot;hotspot_offset_x&quot;:{&quot;unit&quot;:&quot;%&quot;,&quot;size&quot;:26,&quot;sizes&quot;:[]},&quot;hotspot_offset_y&quot;:{&quot;unit&quot;:&quot;%&quot;,&quot;size&quot;:83,&quot;sizes&quot;:[]},&quot;hotspot_tooltip_position&quot;:&quot;yes&quot;,&quot;_id&quot;:&quot;deb0913&quot;,&quot;hotspot_label&quot;:&quot;&quot;,&quot;hotspot_icon&quot;:{&quot;value&quot;:&quot;&quot;,&quot;library&quot;:&quot;&quot;},&quot;hotspot_horizontal&quot;:&quot;left&quot;,&quot;hotspot_vertical&quot;:&quot;top&quot;,&quot;hotspot_position&quot;:&quot;&quot;}],&quot;tooltip_trigger&quot;:&quot;none&quot;,&quot;tooltip_position&quot;:&quot;top&quot;}\" data-widget_type=\"hotspot.default\">\n\t\t\t\t<div class=\"elementor-widget-container\">\n\t\t\t\t\t<img fetchpriority=\"high\" decoding=\"async\" width=\"645\" height=\"313\" src=\"https:\/\/www.medienguide-fembohaus.nuernberg.de\/wp-content\/uploads\/2024\/02\/0.1.png\" class=\"attachment-large size-large wp-image-1863\" alt=\"\" srcset=\"https:\/\/www.medienguide-fembohaus.nuernberg.de\/wp-content\/uploads\/2024\/02\/0.1.png 645w, https:\/\/www.medienguide-fembohaus.nuernberg.de\/wp-content\/uploads\/2024\/02\/0.1-300x146.png 300w, https:\/\/www.medienguide-fembohaus.nuernberg.de\/wp-content\/uploads\/2024\/02\/0.1-18x9.png 18w\" sizes=\"(max-width: 645px) 100vw, 645px\" \/>\n\t\t\t\t\t\t<a class=\"e-hotspot elementor-repeater-item-bc859ae  e-hotspot--position-left e-hotspot--position-top e-hotspot--link  e-hotspot--circle\" href=\"\/de\/geschossuebersicht\/erdgeschoss\/foyer\">\n\n\t\t\t\t\t\t\t\t<div class=\"e-hotspot__button e-hotspot--overlay\">\n\t\t\t\t\t\t\t\t\t\t\t<div class=\"e-hotspot__outer-circle\"><\/div>\n\t\t\t\t\t\t<div class=\"e-hotspot__inner-circle\"><\/div>\n\t\t\t\t\t\t\t\t\t<\/div>\n\n\t\t\t\t\t\t\t\t\n\t\t\t<\/a>\n\n\t\n\t\t\t\t\t\t<a class=\"e-hotspot elementor-repeater-item-deb0913  e-hotspot--position-left e-hotspot--position-top e-hotspot--link  e-hotspot--circle\" href=\"\/de\/geschossuebersicht\/erdgeschoss\/krone-macht-geschichte\">\n\n\t\t\t\t\t\t\t\t<div class=\"e-hotspot__button e-hotspot--overlay\">\n\t\t\t\t\t\t\t\t\t\t\t<div class=\"e-hotspot__outer-circle\"><\/div>\n\t\t\t\t\t\t<div class=\"e-hotspot__inner-circle\"><\/div>\n\t\t\t\t\t\t\t\t\t<\/div>\n\n\t\t\t\t\t\t\t\t\n\t\t\t<\/a>\n\n\t\n\t\t\t\t\t\t<\/div>\n\t\t\t\t<\/div>\n\t\t\t\t<div class=\"elementor-element elementor-element-35b5519 elementor-widget elementor-widget-text-editor\" data-id=\"35b5519\" data-element_type=\"widget\" data-widget_type=\"text-editor.default\">\n\t\t\t\t<div class=\"elementor-widget-container\">\n\t\t\t\t\t\t\t\t\t<p>Bitte nutzen Sie den Grundriss oder die untenstehenden Buttons, um einen Raum auszuw\u00e4hlen.<\/p>\t\t\t\t\t\t\t\t<\/div>\n\t\t\t\t<\/div>\n\t\t\t\t<div class=\"elementor-element elementor-element-681a3f8 elementor-view-default elementor-widget elementor-widget-icon\" data-id=\"681a3f8\" data-element_type=\"widget\" data-widget_type=\"icon.default\">\n\t\t\t\t<div class=\"elementor-widget-container\">\n\t\t\t\t\t\t\t<div class=\"elementor-icon-wrapper\">\n\t\t\t<a class=\"elementor-icon\" href=\"\/de\/geschossuebersicht\/erdgeschoss\">\n\t\t\t<svg aria-hidden=\"true\" class=\"e-font-icon-svg e-fas-long-arrow-alt-left\" viewBox=\"0 0 448 512\" xmlns=\"http:\/\/www.w3.org\/2000\/svg\"><path d=\"M134.059 296H436c6.627 0 12-5.373 12-12v-56c0-6.627-5.373-12-12-12H134.059v-46.059c0-21.382-25.851-32.09-40.971-16.971L7.029 239.029c-9.373 9.373-9.373 24.569 0 33.941l86.059 86.059c15.119 15.119 40.971 4.411 40.971-16.971V296z\"><\/path><\/svg>\t\t\t<\/a>\n\t\t<\/div>\n\t\t\t\t\t\t<\/div>\n\t\t\t\t<\/div>\n\t\t\t\t<div class=\"elementor-element elementor-element-03df5ca elementor-widget elementor-widget-heading\" data-id=\"03df5ca\" data-element_type=\"widget\" data-widget_type=\"heading.default\">\n\t\t\t\t<div class=\"elementor-widget-container\">\n\t\t\t\t\t<h2 class=\"elementor-heading-title elementor-size-default\">0.1  DAS FOYER<\/h2>\t\t\t\t<\/div>\n\t\t\t\t<\/div>\n\t\t\t\t<div class=\"elementor-element elementor-element-b283615 elementor-widget elementor-widget-shortcode\" data-id=\"b283615\" data-element_type=\"widget\" data-widget_type=\"shortcode.default\">\n\t\t\t\t<div class=\"elementor-widget-container\">\n\t\t\t\t\t\t\t<div class=\"elementor-shortcode\"><div id=\"audioigniter-2548\" class=\"audioigniter-root \" data-player-type=\"simple\" data-tracks-url=\"https:\/\/www.medienguide-fembohaus.nuernberg.de\/de\/?audioigniter_playlist_id=2548\" data-display-track-no=\"false\" data-reverse-track-order=\"false\" data-display-tracklist-covers=\"true\" data-display-active-cover=\"true\" data-display-artist-names=\"false\" data-display-buy-buttons=\"false\" data-buy-buttons-target=\"false\" data-cycle-tracks=\"false\" data-display-credits=\"false\" data-display-tracklist=\"true\" data-allow-tracklist-toggle=\"true\" data-allow-tracklist-loop=\"true\" data-limit-tracklist-height=\"true\" data-volume=\"100\" data-tracklist-height=\"185\" data-allow-track-loop=\"false\" data-shuffle=\"false\" data-shuffle-default=\"false\" data-allow-playback-rate=\"false\" data-timer-countdown=\"false\" data-stop-on-finish=\"false\" data-remember-last=\"false\" data-player-buttons=\"[]\" ><\/div> <\/div>\n\t\t\t\t\t\t<\/div>\n\t\t\t\t<\/div>\n\t\t\t\t<div class=\"elementor-element elementor-element-7af811e elementor-widget elementor-widget-text-editor\" data-id=\"7af811e\" data-element_type=\"widget\" data-widget_type=\"text-editor.default\">\n\t\t\t\t<div class=\"elementor-widget-container\">\n\t\t\t\t\t\t\t\t\t<p>Liebe Besucherinnen und Besucher, <\/p><p>herzlich Willkommen im Stadtmuseum im Fembo-Haus! Hier k\u00f6nnen Sie auf vier Stockwerken knapp 1000 Jahre N\u00fcrnberger Stadtgeschichte entdecken.<\/p><p>\u2028Wir befinden uns im Foyer. Das Fembo-Haus hat als einziges der gro\u00dfen Kaufmannsh\u00e4user der Sp\u00e4trenaissance die verheerenden Luftangriffe des 2. Weltkrieges weitgehend unbeschadet \u00fcberstanden. Um 1600 lie\u00df es der niederl\u00e4ndische Kaufmann Phillip van Oyrl auf dem Grundst\u00fcck eines Vorg\u00e4ngergeb\u00e4udes neu errichten. Knapp 70 Jahre sp\u00e4ter, in der Barockzeit, wurde das Haus aufwendig umgebaut. Noch heute zeugen davon das Barockvestib\u00fcl im 2. Stock und der sogenannte Tanzsaal im 3. Stock. Der Name \u201eFembo-Haus\u201c geht auf den Verleger und Landkartenmacher Georg Christoph Franz Fembo zur\u00fcck. Er kaufte das Haus am Anfang des 19. Jahrhunderts. Seit 1953 befindet sich hier das Stadtmuseum. <\/p><p>Der Rundgang durch die N\u00fcrnberger Stadtgeschichte und Wohnkultur beginnt ganz oben im 4. Stock. Folgen Sie den Treppen oder nehmen Sie den Aufzug nach oben, bis zum Raum \u201eN\u00fcrnberg. Bilder einer Stadt\u201c.<\/p>\t\t\t\t\t\t\t\t<\/div>\n\t\t\t\t<\/div>\n\t\t\t\t<\/div>\n\t\t\t\t<\/div>\n\t\t<div class=\"elementor-element elementor-element-80693dd e-con-full e-flex e-con e-parent\" data-id=\"80693dd\" data-element_type=\"container\">\n\t\t\t\t<div class=\"elementor-element elementor-element-e3b6979 elementor-widget elementor-widget-text-editor\" data-id=\"e3b6979\" data-element_type=\"widget\" data-widget_type=\"text-editor.default\">\n\t\t\t\t<div class=\"elementor-widget-container\">\n\t\t\t\t\t\t\t\t\t<p><strong>STADTMUSEUM IM FEMBO-HAUS<\/strong><br \/>MEDIENGUIDE<\/p>\t\t\t\t\t\t\t\t<\/div>\n\t\t\t\t<\/div>\n\t\t\t\t<\/div>\n\t\t\t\t<\/div>\n\t\t","protected":false},"excerpt":{"rendered":"<p>Bitte nutzen Sie den Grundriss oder die untenstehenden Buttons, um einen Raum auszuw\u00e4hlen. 0.1 DAS FOYER Liebe Besucherinnen und Besucher, [&hellip;]<\/p>\n","protected":false},"author":1,"featured_media":0,"parent":561,"menu_order":0,"comment_status":"closed","ping_status":"closed","template":"elementor_header_footer","meta":{"site-sidebar-layout":"no-sidebar","site-content-layout":"","ast-site-content-layout":"full-width-container","site-content-style":"default","site-sidebar-style":"default","ast-global-header-display":"","ast-banner-title-visibility":"","ast-main-header-display":"","ast-hfb-above-header-display":"","ast-hfb-below-header-display":"","ast-hfb-mobile-header-display":"","site-post-title":"disabled","ast-breadcrumbs-content":"","ast-featured-img":"disabled","footer-sml-layout":"","theme-transparent-header-meta":"","adv-header-id-meta":"","stick-header-meta":"","header-above-stick-meta":"","header-main-stick-meta":"","header-below-stick-meta":"","astra-migrate-meta-layouts":"default","ast-page-background-enabled":"default","ast-page-background-meta":{"desktop":{"background-color":"var(--ast-global-color-4)","background-image":"","background-repeat":"repeat","background-position":"center center","background-size":"auto","background-attachment":"scroll","background-type":"","background-media":"","overlay-type":"","overlay-color":"","overlay-opacity":"","overlay-gradient":""},"tablet":{"background-color":"","background-image":"","background-repeat":"repeat","background-position":"center center","background-size":"auto","background-attachment":"scroll","background-type":"","background-media":"","overlay-type":"","overlay-color":"","overlay-opacity":"","overlay-gradient":""},"mobile":{"background-color":"","background-image":"","background-repeat":"repeat","background-position":"center center","background-size":"auto","background-attachment":"scroll","background-type":"","background-media":"","overlay-type":"","overlay-color":"","overlay-opacity":"","overlay-gradient":""}},"ast-content-background-meta":{"desktop":{"background-color":"var(--ast-global-color-5)","background-image":"","background-repeat":"repeat","background-position":"center center","background-size":"auto","background-attachment":"scroll","background-type":"","background-media":"","overlay-type":"","overlay-color":"","overlay-opacity":"","overlay-gradient":""},"tablet":{"background-color":"var(--ast-global-color-5)","background-image":"","background-repeat":"repeat","background-position":"center center","background-size":"auto","background-attachment":"scroll","background-type":"","background-media":"","overlay-type":"","overlay-color":"","overlay-opacity":"","overlay-gradient":""},"mobile":{"background-color":"var(--ast-global-color-5)","background-image":"","background-repeat":"repeat","background-position":"center center","background-size":"auto","background-attachment":"scroll","background-type":"","background-media":"","overlay-type":"","overlay-color":"","overlay-opacity":"","overlay-gradient":""}},"footnotes":""},"class_list":["post-570","page","type-page","status-publish","hentry"],"_links":{"self":[{"href":"https:\/\/www.medienguide-fembohaus.nuernberg.de\/de\/wp-json\/wp\/v2\/pages\/570","targetHints":{"allow":["GET"]}}],"collection":[{"href":"https:\/\/www.medienguide-fembohaus.nuernberg.de\/de\/wp-json\/wp\/v2\/pages"}],"about":[{"href":"https:\/\/www.medienguide-fembohaus.nuernberg.de\/de\/wp-json\/wp\/v2\/types\/page"}],"author":[{"embeddable":true,"href":"https:\/\/www.medienguide-fembohaus.nuernberg.de\/de\/wp-json\/wp\/v2\/users\/1"}],"replies":[{"embeddable":true,"href":"https:\/\/www.medienguide-fembohaus.nuernberg.de\/de\/wp-json\/wp\/v2\/comments?post=570"}],"version-history":[{"count":18,"href":"https:\/\/www.medienguide-fembohaus.nuernberg.de\/de\/wp-json\/wp\/v2\/pages\/570\/revisions"}],"predecessor-version":[{"id":2552,"href":"https:\/\/www.medienguide-fembohaus.nuernberg.de\/de\/wp-json\/wp\/v2\/pages\/570\/revisions\/2552"}],"up":[{"embeddable":true,"href":"https:\/\/www.medienguide-fembohaus.nuernberg.de\/de\/wp-json\/wp\/v2\/pages\/561"}],"wp:attachment":[{"href":"https:\/\/www.medienguide-fembohaus.nuernberg.de\/de\/wp-json\/wp\/v2\/media?parent=570"}],"curies":[{"name":"wp","href":"https:\/\/api.w.org\/{rel}","templated":true}]}}