{"id":3259,"date":"2025-03-26T15:58:47","date_gmt":"2025-03-26T14:58:47","guid":{"rendered":"https:\/\/www.medienguide-fembohaus.nuernberg.de\/?page_id=3259"},"modified":"2025-06-11T20:02:30","modified_gmt":"2025-06-11T18:02:30","slug":"koenig-ludwig-i-von-bayern-ohne-ton","status":"publish","type":"page","link":"https:\/\/www.medienguide-fembohaus.nuernberg.de\/en\/geschossuebersicht\/erdgeschoss\/krone-macht-geschichte-ohne-ton\/koenig-ludwig-i-von-bayern-ohne-ton\/","title":{"rendered":"Koenig Ludwig I. von Bayern &#8211; Ohne Ton"},"content":{"rendered":"<div data-elementor-type=\"wp-page\" data-elementor-id=\"3259\" class=\"elementor elementor-3259\" data-elementor-post-type=\"page\">\n\t\t\t\t<div class=\"elementor-element elementor-element-f09c1a9 e-con-full e-flex e-con e-parent\" data-id=\"f09c1a9\" data-element_type=\"container\">\n\t\t<div class=\"elementor-element elementor-element-f5f0975 e-con-full e-flex e-con e-child\" data-id=\"f5f0975\" data-element_type=\"container\">\n\t\t\t\t<div class=\"elementor-element elementor-element-b1402a8 elementor-view-default elementor-widget elementor-widget-icon\" data-id=\"b1402a8\" data-element_type=\"widget\" data-widget_type=\"icon.default\">\n\t\t\t\t<div class=\"elementor-widget-container\">\n\t\t\t\t\t\t\t<div class=\"elementor-icon-wrapper\">\n\t\t\t<a class=\"elementor-icon\" href=\"\/en\/geschossuebersicht\/erdgeschoss\/krone-macht-geschichte-ohne-ton\/\">\n\t\t\t<svg aria-hidden=\"true\" class=\"e-font-icon-svg e-fas-long-arrow-alt-left\" viewbox=\"0 0 448 512\" xmlns=\"http:\/\/www.w3.org\/2000\/svg\"><path d=\"M134.059 296H436c6.627 0 12-5.373 12-12v-56c0-6.627-5.373-12-12-12H134.059v-46.059c0-21.382-25.851-32.09-40.971-16.971L7.029 239.029c-9.373 9.373-9.373 24.569 0 33.941l86.059 86.059c15.119 15.119 40.971 4.411 40.971-16.971V296z\"><\/path><\/svg>\t\t\t<\/a>\n\t\t<\/div>\n\t\t\t\t\t\t<\/div>\n\t\t\t\t<\/div>\n\t\t\t\t<\/div>\n\t\t\t\t<\/div>\n\t\t<div class=\"elementor-element elementor-element-f28b7d0 e-con-full e-flex e-con e-parent\" data-id=\"f28b7d0\" data-element_type=\"container\">\n\t\t<div class=\"elementor-element elementor-element-8b5766e e-con-full e-flex e-con e-child\" data-id=\"8b5766e\" data-element_type=\"container\">\n\t\t<div class=\"elementor-element elementor-element-3cafffe e-con-full e-flex e-con e-child\" data-id=\"3cafffe\" data-element_type=\"container\">\n\t\t\t\t<div class=\"elementor-element elementor-element-4eda6c4 elementor-widget elementor-widget-image\" data-id=\"4eda6c4\" data-element_type=\"widget\" data-widget_type=\"image.default\">\n\t\t\t\t<div class=\"elementor-widget-container\">\n\t\t\t\t\t\t\t\t\t\t\t\t\t\t\t<img fetchpriority=\"high\" decoding=\"async\" width=\"250\" height=\"250\" src=\"https:\/\/www.medienguide-fembohaus.nuernberg.de\/wp-content\/uploads\/2024\/03\/number_07.png\" class=\"attachment-large size-large wp-image-2826\" alt=\"\" srcset=\"https:\/\/www.medienguide-fembohaus.nuernberg.de\/wp-content\/uploads\/2024\/03\/number_07.png 250w, https:\/\/www.medienguide-fembohaus.nuernberg.de\/wp-content\/uploads\/2024\/03\/number_07-150x150.png 150w, https:\/\/www.medienguide-fembohaus.nuernberg.de\/wp-content\/uploads\/2024\/03\/number_07-12x12.png 12w\" sizes=\"(max-width: 250px) 100vw, 250px\" \/>\t\t\t\t\t\t\t\t\t\t\t\t\t\t\t<\/div>\n\t\t\t\t<\/div>\n\t\t\t\t<\/div>\n\t\t<div class=\"elementor-element elementor-element-f7e1650 e-con-full e-flex e-con e-child\" data-id=\"f7e1650\" data-element_type=\"container\">\n\t\t\t\t<div class=\"elementor-element elementor-element-fec0f06 elementor-widget elementor-widget-heading\" data-id=\"fec0f06\" data-element_type=\"widget\" data-widget_type=\"heading.default\">\n\t\t\t\t<div class=\"elementor-widget-container\">\n\t\t\t\t\t<h2 class=\"elementor-heading-title elementor-size-default\">King Ludwig I<\/h2>\t\t\t\t<\/div>\n\t\t\t\t<\/div>\n\t\t\t\t<div class=\"elementor-element elementor-element-b576b7b elementor-widget elementor-widget-text-editor\" data-id=\"b576b7b\" data-element_type=\"widget\" data-widget_type=\"text-editor.default\">\n\t\t\t\t<div class=\"elementor-widget-container\">\n\t\t\t\t\t\t\t\t\t<p>From decline came recovery. Nuremberg during the Romantic era<\/p>\t\t\t\t\t\t\t\t<\/div>\n\t\t\t\t<\/div>\n\t\t\t\t<\/div>\n\t\t\t\t<\/div>\n\t\t\t\t<\/div>\n\t\t<div class=\"elementor-element elementor-element-ad22578 e-con-full e-flex e-con e-parent\" data-id=\"ad22578\" data-element_type=\"container\">\n\t\t<div class=\"elementor-element elementor-element-226f68f e-con-full e-flex e-con e-child\" data-id=\"226f68f\" data-element_type=\"container\">\n\t\t\t\t<div class=\"elementor-element elementor-element-be24ceb elementor-widget elementor-widget-image\" data-id=\"be24ceb\" data-element_type=\"widget\" data-no-translation=\"\" data-widget_type=\"image.default\">\n\t\t\t\t<div class=\"elementor-widget-container\">\n\t\t\t\t\t<style>.elementor-element-be24ceb{display:none !important}<\/style>\t\t\t\t<\/div>\n\t\t\t\t<\/div>\n\t\t\t\t<div class=\"elementor-element elementor-element-384df71 elementor-widget elementor-widget-hotspot\" data-id=\"384df71\" data-element_type=\"widget\" data-settings=\"{&quot;hotspot&quot;:[{&quot;_id&quot;:&quot;bc859ae&quot;,&quot;hotspot_custom_size&quot;:&quot;&quot;,&quot;hotspot_tooltip_content&quot;:&quot;&quot;,&quot;hotspot_offset_x&quot;:{&quot;unit&quot;:&quot;%&quot;,&quot;size&quot;:70,&quot;sizes&quot;:[]},&quot;hotspot_offset_y&quot;:{&quot;unit&quot;:&quot;%&quot;,&quot;size&quot;:53,&quot;sizes&quot;:[]},&quot;hotspot_tooltip_position&quot;:&quot;yes&quot;,&quot;__dynamic__&quot;:{&quot;hotspot_link&quot;:&quot;[elementor-tag id=\\&quot;18a8a6d\\&quot; name=\\&quot;lightbox\\&quot; settings=\\&quot;%7B%22type%22%3A%22video%22%2C%22video_url%22%3A%22https%3A%2F%2Fwww.medienguide-fembohaus.nuernberg.de%2Fwp-content%2Fuploads%2F2025%2F03%2F07_1_UT.mp4%22%7D\\&quot;]&quot;},&quot;hotspot_label&quot;:&quot;&quot;,&quot;hotspot_link&quot;:{&quot;url&quot;:&quot;#elementor-action%3Aaction%3Dlightbox%26settings%3DeyJ0eXBlIjoidmlkZW8iLCJ2aWRlb1R5cGUiOiJob3N0ZWQiLCJ1cmwiOiJodHRwczpcL1wvd3d3Lm1lZGllbmd1aWRlLWZlbWJvaGF1cy5udWVybmJlcmcuZGVcL3dwLWNvbnRlbnRcL3VwbG9hZHNcLzIwMjVcLzAzXC8wN18xX1VULm1wNCJ9&quot;,&quot;is_external&quot;:&quot;&quot;,&quot;nofollow&quot;:&quot;&quot;,&quot;custom_attributes&quot;:&quot;&quot;},&quot;hotspot_icon&quot;:{&quot;value&quot;:&quot;&quot;,&quot;library&quot;:&quot;&quot;},&quot;hotspot_horizontal&quot;:&quot;left&quot;,&quot;hotspot_vertical&quot;:&quot;top&quot;,&quot;hotspot_position&quot;:&quot;&quot;,&quot;hotspot_icon_position&quot;:null,&quot;hotspot_icon_spacing&quot;:null,&quot;hotspot_width&quot;:null,&quot;hotspot_height&quot;:null,&quot;hotspot_tooltip_width&quot;:{&quot;unit&quot;:&quot;px&quot;,&quot;size&quot;:&quot;&quot;,&quot;sizes&quot;:[]},&quot;hotspot_tooltip_text_wrap&quot;:&quot;&quot;},{&quot;hotspot_custom_size&quot;:&quot;&quot;,&quot;hotspot_tooltip_content&quot;:&quot;&quot;,&quot;hotspot_offset_x&quot;:{&quot;unit&quot;:&quot;%&quot;,&quot;size&quot;:19,&quot;sizes&quot;:[]},&quot;hotspot_offset_y&quot;:{&quot;unit&quot;:&quot;%&quot;,&quot;size&quot;:65,&quot;sizes&quot;:[]},&quot;hotspot_tooltip_position&quot;:&quot;yes&quot;,&quot;__dynamic__&quot;:{&quot;hotspot_link&quot;:&quot;[elementor-tag id=\\&quot;18a8a6d\\&quot; name=\\&quot;lightbox\\&quot; settings=\\&quot;%7B%22type%22%3A%22video%22%2C%22video_url%22%3A%22https%3A%2F%2Fwww.medienguide-fembohaus.nuernberg.de%2Fwp-content%2Fuploads%2F2025%2F03%2F07_2_UT.mp4%22%7D\\&quot;]&quot;},&quot;_id&quot;:&quot;1bbf154&quot;,&quot;hotspot_label&quot;:&quot;&quot;,&quot;hotspot_link&quot;:{&quot;url&quot;:&quot;#elementor-action%3Aaction%3Dlightbox%26settings%3DeyJ0eXBlIjoidmlkZW8iLCJ2aWRlb1R5cGUiOiJob3N0ZWQiLCJ1cmwiOiJodHRwczpcL1wvd3d3Lm1lZGllbmd1aWRlLWZlbWJvaGF1cy5udWVybmJlcmcuZGVcL3dwLWNvbnRlbnRcL3VwbG9hZHNcLzIwMjVcLzAzXC8wN18yX1VULm1wNCJ9&quot;,&quot;is_external&quot;:&quot;&quot;,&quot;nofollow&quot;:&quot;&quot;,&quot;custom_attributes&quot;:&quot;&quot;},&quot;hotspot_icon&quot;:{&quot;value&quot;:&quot;&quot;,&quot;library&quot;:&quot;&quot;},&quot;hotspot_horizontal&quot;:&quot;left&quot;,&quot;hotspot_vertical&quot;:&quot;top&quot;,&quot;hotspot_position&quot;:&quot;&quot;,&quot;hotspot_icon_position&quot;:null,&quot;hotspot_icon_spacing&quot;:null,&quot;hotspot_width&quot;:null,&quot;hotspot_height&quot;:null,&quot;hotspot_tooltip_width&quot;:{&quot;unit&quot;:&quot;px&quot;,&quot;size&quot;:&quot;&quot;,&quot;sizes&quot;:[]},&quot;hotspot_tooltip_text_wrap&quot;:&quot;&quot;},{&quot;hotspot_custom_size&quot;:&quot;&quot;,&quot;hotspot_tooltip_content&quot;:&quot;&quot;,&quot;hotspot_offset_x&quot;:{&quot;unit&quot;:&quot;%&quot;,&quot;size&quot;:16,&quot;sizes&quot;:[]},&quot;hotspot_offset_y&quot;:{&quot;unit&quot;:&quot;%&quot;,&quot;size&quot;:46,&quot;sizes&quot;:[]},&quot;hotspot_tooltip_position&quot;:&quot;yes&quot;,&quot;__dynamic__&quot;:{&quot;hotspot_link&quot;:&quot;[elementor-tag id=\\&quot;18a8a6d\\&quot; name=\\&quot;lightbox\\&quot; settings=\\&quot;%7B%22type%22%3A%22video%22%2C%22video_url%22%3A%22https%3A%2F%2Fwww.medienguide-fembohaus.nuernberg.de%2Fwp-content%2Fuploads%2F2025%2F03%2F07_3_UT.mp4%22%7D\\&quot;]&quot;},&quot;_id&quot;:&quot;58cf021&quot;,&quot;hotspot_label&quot;:&quot;&quot;,&quot;hotspot_link&quot;:{&quot;url&quot;:&quot;#elementor-action%3Aaction%3Dlightbox%26settings%3DeyJ0eXBlIjoidmlkZW8iLCJ2aWRlb1R5cGUiOiJob3N0ZWQiLCJ1cmwiOiJodHRwczpcL1wvd3d3Lm1lZGllbmd1aWRlLWZlbWJvaGF1cy5udWVybmJlcmcuZGVcL3dwLWNvbnRlbnRcL3VwbG9hZHNcLzIwMjVcLzAzXC8wN18zX1VULm1wNCJ9&quot;,&quot;is_external&quot;:&quot;&quot;,&quot;nofollow&quot;:&quot;&quot;,&quot;custom_attributes&quot;:&quot;&quot;},&quot;hotspot_icon&quot;:{&quot;value&quot;:&quot;&quot;,&quot;library&quot;:&quot;&quot;},&quot;hotspot_horizontal&quot;:&quot;left&quot;,&quot;hotspot_vertical&quot;:&quot;top&quot;,&quot;hotspot_position&quot;:&quot;&quot;,&quot;hotspot_icon_position&quot;:null,&quot;hotspot_icon_spacing&quot;:null,&quot;hotspot_width&quot;:null,&quot;hotspot_height&quot;:null,&quot;hotspot_tooltip_width&quot;:{&quot;unit&quot;:&quot;px&quot;,&quot;size&quot;:&quot;&quot;,&quot;sizes&quot;:[]},&quot;hotspot_tooltip_text_wrap&quot;:&quot;&quot;},{&quot;hotspot_custom_size&quot;:&quot;&quot;,&quot;hotspot_tooltip_content&quot;:&quot;&quot;,&quot;hotspot_offset_x&quot;:{&quot;unit&quot;:&quot;%&quot;,&quot;size&quot;:22,&quot;sizes&quot;:[]},&quot;hotspot_offset_y&quot;:{&quot;unit&quot;:&quot;%&quot;,&quot;size&quot;:85,&quot;sizes&quot;:[]},&quot;hotspot_tooltip_position&quot;:&quot;yes&quot;,&quot;__dynamic__&quot;:{&quot;hotspot_link&quot;:&quot;[elementor-tag id=\\&quot;18a8a6d\\&quot; name=\\&quot;lightbox\\&quot; settings=\\&quot;%7B%22type%22%3A%22video%22%2C%22video_url%22%3A%22https%3A%2F%2Fwww.medienguide-fembohaus.nuernberg.de%2Fwp-content%2Fuploads%2F2025%2F03%2F07_4_UT.mp4%22%7D\\&quot;]&quot;},&quot;_id&quot;:&quot;5892d77&quot;,&quot;hotspot_label&quot;:&quot;&quot;,&quot;hotspot_link&quot;:{&quot;url&quot;:&quot;#elementor-action%3Aaction%3Dlightbox%26settings%3DeyJ0eXBlIjoidmlkZW8iLCJ2aWRlb1R5cGUiOiJob3N0ZWQiLCJ1cmwiOiJodHRwczpcL1wvd3d3Lm1lZGllbmd1aWRlLWZlbWJvaGF1cy5udWVybmJlcmcuZGVcL3dwLWNvbnRlbnRcL3VwbG9hZHNcLzIwMjVcLzAzXC8wN180X1VULm1wNCJ9&quot;,&quot;is_external&quot;:&quot;&quot;,&quot;nofollow&quot;:&quot;&quot;,&quot;custom_attributes&quot;:&quot;&quot;},&quot;hotspot_icon&quot;:{&quot;value&quot;:&quot;&quot;,&quot;library&quot;:&quot;&quot;},&quot;hotspot_horizontal&quot;:&quot;left&quot;,&quot;hotspot_vertical&quot;:&quot;top&quot;,&quot;hotspot_position&quot;:&quot;&quot;,&quot;hotspot_icon_position&quot;:null,&quot;hotspot_icon_spacing&quot;:null,&quot;hotspot_width&quot;:null,&quot;hotspot_height&quot;:null,&quot;hotspot_tooltip_width&quot;:{&quot;unit&quot;:&quot;px&quot;,&quot;size&quot;:&quot;&quot;,&quot;sizes&quot;:[]},&quot;hotspot_tooltip_text_wrap&quot;:&quot;&quot;},{&quot;hotspot_custom_size&quot;:&quot;&quot;,&quot;hotspot_tooltip_content&quot;:&quot;&quot;,&quot;hotspot_offset_x&quot;:{&quot;unit&quot;:&quot;%&quot;,&quot;size&quot;:47,&quot;sizes&quot;:[]},&quot;hotspot_offset_y&quot;:{&quot;unit&quot;:&quot;%&quot;,&quot;size&quot;:86,&quot;sizes&quot;:[]},&quot;hotspot_tooltip_position&quot;:&quot;yes&quot;,&quot;__dynamic__&quot;:{&quot;hotspot_link&quot;:&quot;[elementor-tag id=\\&quot;18a8a6d\\&quot; name=\\&quot;lightbox\\&quot; settings=\\&quot;%7B%22type%22%3A%22video%22%2C%22video_url%22%3A%22https%3A%2F%2Fwww.medienguide-fembohaus.nuernberg.de%2Fwp-content%2Fuploads%2F2025%2F03%2F07_5_UT.mp4%22%7D\\&quot;]&quot;},&quot;_id&quot;:&quot;eef82cc&quot;,&quot;hotspot_label&quot;:&quot;&quot;,&quot;hotspot_link&quot;:{&quot;url&quot;:&quot;#elementor-action%3Aaction%3Dlightbox%26settings%3DeyJ0eXBlIjoidmlkZW8iLCJ2aWRlb1R5cGUiOiJob3N0ZWQiLCJ1cmwiOiJodHRwczpcL1wvd3d3Lm1lZGllbmd1aWRlLWZlbWJvaGF1cy5udWVybmJlcmcuZGVcL3dwLWNvbnRlbnRcL3VwbG9hZHNcLzIwMjVcLzAzXC8wN181X1VULm1wNCJ9&quot;,&quot;is_external&quot;:&quot;&quot;,&quot;nofollow&quot;:&quot;&quot;,&quot;custom_attributes&quot;:&quot;&quot;},&quot;hotspot_icon&quot;:{&quot;value&quot;:&quot;&quot;,&quot;library&quot;:&quot;&quot;},&quot;hotspot_horizontal&quot;:&quot;left&quot;,&quot;hotspot_vertical&quot;:&quot;top&quot;,&quot;hotspot_position&quot;:&quot;&quot;,&quot;hotspot_icon_position&quot;:null,&quot;hotspot_icon_spacing&quot;:null,&quot;hotspot_width&quot;:null,&quot;hotspot_height&quot;:null,&quot;hotspot_tooltip_width&quot;:{&quot;unit&quot;:&quot;px&quot;,&quot;size&quot;:&quot;&quot;,&quot;sizes&quot;:[]},&quot;hotspot_tooltip_text_wrap&quot;:&quot;&quot;},{&quot;hotspot_custom_size&quot;:&quot;&quot;,&quot;hotspot_tooltip_content&quot;:&quot;&quot;,&quot;hotspot_offset_x&quot;:{&quot;unit&quot;:&quot;%&quot;,&quot;size&quot;:72,&quot;sizes&quot;:[]},&quot;hotspot_offset_y&quot;:{&quot;unit&quot;:&quot;%&quot;,&quot;size&quot;:74,&quot;sizes&quot;:[]},&quot;hotspot_tooltip_position&quot;:&quot;yes&quot;,&quot;__dynamic__&quot;:{&quot;hotspot_link&quot;:&quot;[elementor-tag id=\\&quot;18a8a6d\\&quot; name=\\&quot;lightbox\\&quot; settings=\\&quot;%7B%22type%22%3A%22video%22%2C%22video_url%22%3A%22https%3A%2F%2Fwww.medienguide-fembohaus.nuernberg.de%2Fwp-content%2Fuploads%2F2025%2F03%2F07_6_UT.mp4%22%7D\\&quot;]&quot;},&quot;_id&quot;:&quot;cddfeaf&quot;,&quot;hotspot_label&quot;:&quot;&quot;,&quot;hotspot_link&quot;:{&quot;url&quot;:&quot;#elementor-action%3Aaction%3Dlightbox%26settings%3DeyJ0eXBlIjoidmlkZW8iLCJ2aWRlb1R5cGUiOiJob3N0ZWQiLCJ1cmwiOiJodHRwczpcL1wvd3d3Lm1lZGllbmd1aWRlLWZlbWJvaGF1cy5udWVybmJlcmcuZGVcL3dwLWNvbnRlbnRcL3VwbG9hZHNcLzIwMjVcLzAzXC8wN182X1VULm1wNCJ9&quot;,&quot;is_external&quot;:&quot;&quot;,&quot;nofollow&quot;:&quot;&quot;,&quot;custom_attributes&quot;:&quot;&quot;},&quot;hotspot_icon&quot;:{&quot;value&quot;:&quot;&quot;,&quot;library&quot;:&quot;&quot;},&quot;hotspot_horizontal&quot;:&quot;left&quot;,&quot;hotspot_vertical&quot;:&quot;top&quot;,&quot;hotspot_position&quot;:&quot;&quot;,&quot;hotspot_icon_position&quot;:null,&quot;hotspot_icon_spacing&quot;:null,&quot;hotspot_width&quot;:null,&quot;hotspot_height&quot;:null,&quot;hotspot_tooltip_width&quot;:{&quot;unit&quot;:&quot;px&quot;,&quot;size&quot;:&quot;&quot;,&quot;sizes&quot;:[]},&quot;hotspot_tooltip_text_wrap&quot;:&quot;&quot;},{&quot;hotspot_custom_size&quot;:&quot;&quot;,&quot;hotspot_tooltip_content&quot;:&quot;&quot;,&quot;hotspot_offset_x&quot;:{&quot;unit&quot;:&quot;%&quot;,&quot;size&quot;:20,&quot;sizes&quot;:[]},&quot;hotspot_offset_y&quot;:{&quot;unit&quot;:&quot;%&quot;,&quot;size&quot;:21,&quot;sizes&quot;:[]},&quot;hotspot_tooltip_position&quot;:&quot;yes&quot;,&quot;__dynamic__&quot;:{&quot;hotspot_link&quot;:&quot;[elementor-tag id=\\&quot;18a8a6d\\&quot; name=\\&quot;lightbox\\&quot; settings=\\&quot;%7B%22type%22%3A%22video%22%2C%22video_url%22%3A%22https%3A%2F%2Fwww.medienguide-fembohaus.nuernberg.de%2Fwp-content%2Fuploads%2F2025%2F03%2F07_7_UT.mp4%22%7D\\&quot;]&quot;},&quot;_id&quot;:&quot;e0a6a0a&quot;,&quot;hotspot_label&quot;:&quot;&quot;,&quot;hotspot_link&quot;:{&quot;url&quot;:&quot;#elementor-action%3Aaction%3Dlightbox%26settings%3DeyJ0eXBlIjoidmlkZW8iLCJ2aWRlb1R5cGUiOiJob3N0ZWQiLCJ1cmwiOiJodHRwczpcL1wvd3d3Lm1lZGllbmd1aWRlLWZlbWJvaGF1cy5udWVybmJlcmcuZGVcL3dwLWNvbnRlbnRcL3VwbG9hZHNcLzIwMjVcLzAzXC8wN183X1VULm1wNCJ9&quot;,&quot;is_external&quot;:&quot;&quot;,&quot;nofollow&quot;:&quot;&quot;,&quot;custom_attributes&quot;:&quot;&quot;},&quot;hotspot_icon&quot;:{&quot;value&quot;:&quot;&quot;,&quot;library&quot;:&quot;&quot;},&quot;hotspot_horizontal&quot;:&quot;left&quot;,&quot;hotspot_vertical&quot;:&quot;top&quot;,&quot;hotspot_position&quot;:&quot;&quot;,&quot;hotspot_icon_position&quot;:null,&quot;hotspot_icon_spacing&quot;:null,&quot;hotspot_width&quot;:null,&quot;hotspot_height&quot;:null,&quot;hotspot_tooltip_width&quot;:{&quot;unit&quot;:&quot;px&quot;,&quot;size&quot;:&quot;&quot;,&quot;sizes&quot;:[]},&quot;hotspot_tooltip_text_wrap&quot;:&quot;&quot;},{&quot;hotspot_custom_size&quot;:&quot;&quot;,&quot;hotspot_tooltip_content&quot;:&quot;&quot;,&quot;hotspot_offset_x&quot;:{&quot;unit&quot;:&quot;%&quot;,&quot;size&quot;:4,&quot;sizes&quot;:[]},&quot;hotspot_offset_y&quot;:{&quot;unit&quot;:&quot;%&quot;,&quot;size&quot;:72,&quot;sizes&quot;:[]},&quot;hotspot_tooltip_position&quot;:&quot;yes&quot;,&quot;__dynamic__&quot;:{&quot;hotspot_link&quot;:&quot;[elementor-tag id=\\&quot;18a8a6d\\&quot; name=\\&quot;lightbox\\&quot; settings=\\&quot;%7B%22type%22%3A%22video%22%2C%22video_url%22%3A%22https%3A%2F%2Fwww.medienguide-fembohaus.nuernberg.de%2Fwp-content%2Fuploads%2F2025%2F03%2F07_8_UT.mp4%22%7D\\&quot;]&quot;},&quot;_id&quot;:&quot;888652e&quot;,&quot;hotspot_label&quot;:&quot;&quot;,&quot;hotspot_link&quot;:{&quot;url&quot;:&quot;#elementor-action%3Aaction%3Dlightbox%26settings%3DeyJ0eXBlIjoidmlkZW8iLCJ2aWRlb1R5cGUiOiJob3N0ZWQiLCJ1cmwiOiJodHRwczpcL1wvd3d3Lm1lZGllbmd1aWRlLWZlbWJvaGF1cy5udWVybmJlcmcuZGVcL3dwLWNvbnRlbnRcL3VwbG9hZHNcLzIwMjVcLzAzXC8wN184X1VULm1wNCJ9&quot;,&quot;is_external&quot;:&quot;&quot;,&quot;nofollow&quot;:&quot;&quot;,&quot;custom_attributes&quot;:&quot;&quot;},&quot;hotspot_icon&quot;:{&quot;value&quot;:&quot;&quot;,&quot;library&quot;:&quot;&quot;},&quot;hotspot_horizontal&quot;:&quot;left&quot;,&quot;hotspot_vertical&quot;:&quot;top&quot;,&quot;hotspot_position&quot;:&quot;&quot;,&quot;hotspot_icon_position&quot;:null,&quot;hotspot_icon_spacing&quot;:null,&quot;hotspot_width&quot;:null,&quot;hotspot_height&quot;:null,&quot;hotspot_tooltip_width&quot;:{&quot;unit&quot;:&quot;px&quot;,&quot;size&quot;:&quot;&quot;,&quot;sizes&quot;:[]},&quot;hotspot_tooltip_text_wrap&quot;:&quot;&quot;}],&quot;tooltip_trigger&quot;:&quot;none&quot;,&quot;tooltip_position&quot;:&quot;top&quot;}\" data-no-translation=\"\" data-widget_type=\"hotspot.default\">\n\t\t\t\t<div class=\"elementor-widget-container\">\n\t\t\t\t\t<style>.elementor-element-384df71{display:none !important}<\/style>\t\t\t\t<\/div>\n\t\t\t\t<\/div>\n\t\t\t\t<\/div>\n\t\t\t\t<div class=\"elementor-element elementor-element-e3eeb82 elementor-widget elementor-widget-text-editor\" data-id=\"e3eeb82\" data-element_type=\"widget\" data-widget_type=\"text-editor.default\">\n\t\t\t\t<div class=\"elementor-widget-container\">\n\t\t\t\t\t\t\t\t\t<p><b>Photo credits:<\/b><\/p><p>King Ludwig I of Bavaria, Friedrich Hahn, 1830, oil on canvas, Museen der Stadt N\u00fcrnberg, Kunstsammlungen, Inv. No. Gm 0037.<\/p><p>View of the cloister of the Carthusian Church in Nuremberg (\u201cKunstliebender Klosterbruder\u201d), August von Bayer, 1840\/50, oil on canvas, Museen der Stadt N\u00fcrnberg, Kunstsammlungen, Inv. No. Gm 0201.<\/p><p>The herald as a trademark for gramophone needles for the Nuremberg Trade Fair 1903, unknown artist (N\u00fcrnberg-Schwabacher Nadelfabrik GmbH), Collage of gramophone needles, paper, fabric, etc., Museen der Stadt N\u00fcrnberg, Kunstsammlungen, Inv. No. Pl 1441.<\/p><p>Bust portrait of Richard Wagner, Lorenz Gedon, 1881, bronze, Museen der Stadt N\u00fcrnberg, Kunstsammlungen, Inv. No. Pl 0377.<\/p><p>Seated statuette of Hans Sachs at work, sitting on a stool at a table, with craftsman\u2018s utensils, on a plinth with bells, unknown artist, c. 1900, painted plaster and metal, Museen der Stadt N\u00fcrnberg, Kunstsammlungen, Inv. No. Pl 1105.<\/p><p>Nuremberg workers at the MAN company premises on their way to the demonstration on Labour Day 1913, Photo: Stadtarchiv N\u00fcrnberg, Inv. No. A34-3811.<\/p><p>The Bavarian Ludwig Railway (the \u201cEagle\u201d), Conrad Wie\u00dfner (after Manfred [?] Heideloff), 1835, coloured etching, Museen der Stadt N\u00fcrnberg, Kunstsammlungen, Inv. No. Nor.K. 6091a.<\/p><p>The Nuremberg Wappendreiverein, unknown artist, around 1900, remnants of the wall panelling from the office of Nuremberg\u2018s Lord Mayor Georg Ritter von Schuh, pressed, painted and partially gilded Cardboard, Museen der Stadt N\u00fcrnberg, Kunstsammlungen, Inv. No. Gm 3075.<\/p><p>Stage set for Act III of the Munich premi\u00e8re of Richard Wagner\u2018s opera \u201cDie Meistersinger von N\u00fcrnberg\u201d, 1868, after the stage model by Heinrich D\u00f6ll, K\u00f6nig-Ludwig-Museum Herrenchiemsee, Inv. No. 758, Photo: Bayerische Verwaltung der staatlichen Schl\u00f6sser, G\u00e4rten und Seen.<\/p><p><b>Concept and design videos:<\/b> <br \/>Impuls-Design GmbH &amp; Co. KG, Erlangen <br \/><b><\/b><\/p><p><b>Recordings:<\/b> <br \/>ultramar labs, Berlin<\/p>\t\t\t\t\t\t\t\t<\/div>\n\t\t\t\t<\/div>\n\t\t\t\t<\/div>\n\t\t<div class=\"elementor-element elementor-element-26b8cd3 e-con-full e-flex e-con e-parent\" data-id=\"26b8cd3\" data-element_type=\"container\">\n\t\t\t\t<div class=\"elementor-element elementor-element-bec106f elementor-widget elementor-widget-text-editor\" data-id=\"bec106f\" data-element_type=\"widget\" data-widget_type=\"text-editor.default\">\n\t\t\t\t<div class=\"elementor-widget-container\">\n\t\t\t\t\t\t\t\t\t<p><strong>CITY MUSEUM AT FEMBO-HAUS<\/strong><br \/>MEDIA GUIDE<\/p>\t\t\t\t\t\t\t\t<\/div>\n\t\t\t\t<\/div>\n\t\t\t\t<\/div>\n\t\t\t\t<\/div>","protected":false},"excerpt":{"rendered":"<p>K\u00d6NIG LUDWIG I. VON BAYERN Aufschwung im Niedergang. Nu\u0308rnberg in der Romantik Bildnachweis: K\u00f6nig Ludwig I. von Bayern, Friedrich Hahn, [&hellip;]<\/p>","protected":false},"author":1,"featured_media":0,"parent":3252,"menu_order":0,"comment_status":"closed","ping_status":"closed","template":"elementor_canvas","meta":{"site-sidebar-layout":"no-sidebar","site-content-layout":"","ast-site-content-layout":"full-width-container","site-content-style":"default","site-sidebar-style":"default","ast-global-header-display":"","ast-banner-title-visibility":"","ast-main-header-display":"","ast-hfb-above-header-display":"","ast-hfb-below-header-display":"","ast-hfb-mobile-header-display":"","site-post-title":"disabled","ast-breadcrumbs-content":"","ast-featured-img":"disabled","footer-sml-layout":"","theme-transparent-header-meta":"","adv-header-id-meta":"","stick-header-meta":"","header-above-stick-meta":"","header-main-stick-meta":"","header-below-stick-meta":"","astra-migrate-meta-layouts":"default","ast-page-background-enabled":"default","ast-page-background-meta":{"desktop":{"background-color":"var(--ast-global-color-4)","background-image":"","background-repeat":"repeat","background-position":"center center","background-size":"auto","background-attachment":"scroll","background-type":"","background-media":"","overlay-type":"","overlay-color":"","overlay-opacity":"","overlay-gradient":""},"tablet":{"background-color":"","background-image":"","background-repeat":"repeat","background-position":"center center","background-size":"auto","background-attachment":"scroll","background-type":"","background-media":"","overlay-type":"","overlay-color":"","overlay-opacity":"","overlay-gradient":""},"mobile":{"background-color":"","background-image":"","background-repeat":"repeat","background-position":"center center","background-size":"auto","background-attachment":"scroll","background-type":"","background-media":"","overlay-type":"","overlay-color":"","overlay-opacity":"","overlay-gradient":""}},"ast-content-background-meta":{"desktop":{"background-color":"var(--ast-global-color-5)","background-image":"","background-repeat":"repeat","background-position":"center center","background-size":"auto","background-attachment":"scroll","background-type":"","background-media":"","overlay-type":"","overlay-color":"","overlay-opacity":"","overlay-gradient":""},"tablet":{"background-color":"var(--ast-global-color-5)","background-image":"","background-repeat":"repeat","background-position":"center center","background-size":"auto","background-attachment":"scroll","background-type":"","background-media":"","overlay-type":"","overlay-color":"","overlay-opacity":"","overlay-gradient":""},"mobile":{"background-color":"var(--ast-global-color-5)","background-image":"","background-repeat":"repeat","background-position":"center center","background-size":"auto","background-attachment":"scroll","background-type":"","background-media":"","overlay-type":"","overlay-color":"","overlay-opacity":"","overlay-gradient":""}},"footnotes":""},"class_list":["post-3259","page","type-page","status-publish","hentry"],"_links":{"self":[{"href":"https:\/\/www.medienguide-fembohaus.nuernberg.de\/en\/wp-json\/wp\/v2\/pages\/3259","targetHints":{"allow":["GET"]}}],"collection":[{"href":"https:\/\/www.medienguide-fembohaus.nuernberg.de\/en\/wp-json\/wp\/v2\/pages"}],"about":[{"href":"https:\/\/www.medienguide-fembohaus.nuernberg.de\/en\/wp-json\/wp\/v2\/types\/page"}],"author":[{"embeddable":true,"href":"https:\/\/www.medienguide-fembohaus.nuernberg.de\/en\/wp-json\/wp\/v2\/users\/1"}],"replies":[{"embeddable":true,"href":"https:\/\/www.medienguide-fembohaus.nuernberg.de\/en\/wp-json\/wp\/v2\/comments?post=3259"}],"version-history":[{"count":13,"href":"https:\/\/www.medienguide-fembohaus.nuernberg.de\/en\/wp-json\/wp\/v2\/pages\/3259\/revisions"}],"predecessor-version":[{"id":3586,"href":"https:\/\/www.medienguide-fembohaus.nuernberg.de\/en\/wp-json\/wp\/v2\/pages\/3259\/revisions\/3586"}],"up":[{"embeddable":true,"href":"https:\/\/www.medienguide-fembohaus.nuernberg.de\/en\/wp-json\/wp\/v2\/pages\/3252"}],"wp:attachment":[{"href":"https:\/\/www.medienguide-fembohaus.nuernberg.de\/en\/wp-json\/wp\/v2\/media?parent=3259"}],"curies":[{"name":"wp","href":"https:\/\/api.w.org\/{rel}","templated":true}]}}